{"id":2917,"date":"2025-06-19T09:56:51","date_gmt":"2025-06-19T07:56:51","guid":{"rendered":"https:\/\/pet-expert.mk\/?post_type=product&#038;p=2917"},"modified":"2025-06-19T09:56:52","modified_gmt":"2025-06-19T07:56:52","slug":"tatrapet-%d0%be%d1%81%d0%bc%d0%b8%d1%86%d0%b0-%d1%98%d0%b0%d0%b6%d0%b5-27%d1%86%d0%bc","status":"publish","type":"product","link":"https:\/\/pet-expert.mk\/sq\/product\/tatrapet-%d0%be%d1%81%d0%bc%d0%b8%d1%86%d0%b0-%d1%98%d0%b0%d0%b6%d0%b5-27%d1%86%d0%bc\/","title":{"rendered":"Tatrapet Litar 8 - 27cm"},"content":{"rendered":"<p>Me lodr\u00ebn n\u00eb form\u00eb litari, qeni juaj do t\u00eb arg\u00ebtohet dhe do t\u00eb jet\u00eb n\u00eb gjendje t\u00eb tregoj\u00eb forc\u00ebn e tij t\u00ebrheq\u00ebse. Qent\u00eb e duan loj\u00ebn e t\u00ebrheqjes e marrjes s\u00eb sendeve. K\u00ebto lodra jan\u00eb gjithashtu t\u00eb p\u00ebrshtatshme kur qeni lihet vet\u00ebm n\u00eb sht\u00ebpi. Lodra e duhur, e b\u00ebr\u00eb nga material me cil\u00ebsi t\u00eb lart\u00eb dhe t\u00eb q\u00ebndruesh\u00ebm, sjell g\u00ebzim dhe larmi n\u00eb jet\u00ebn e p\u00ebrditshme t\u00eb kafsh\u00ebs suaj sht\u00ebpiake. K\u00ebto jan\u00eb m\u00eb shpesh topa, kocka, litar\u00eb dhe lodra q\u00eb b\u00ebjn\u00eb tinguj ose kan\u00eb nj\u00eb arom\u00eb t\u00ebrheq\u00ebse. Me lodrat tona, ju do ta b\u00ebni \u00e7do qen t\u00eb lumtur - thjesht zgjidhni. N\u00ebse keni d\u00ebshir\u00eb p\u00ebr nj\u00eb ngjyr\u00eb specifike, ju lutemi ta deklaroni at\u00eb n\u00eb sh\u00ebnimet kur porosisni, p\u00ebrndryshe zgjedhja \u00ebsht\u00eb e rast\u00ebsishme.<\/p>","protected":false},"excerpt":{"rendered":"<p>\u0421\u043e \u0438\u0433\u0440\u0430\u0447\u043a\u0430\u0442\u0430 \u043e\u0434 \u0458\u0430\u0436\u0435, \u043a\u0443\u0447\u0435\u0442\u043e \u045c\u0435 \u0441\u0435 \u0438\u0437\u043d\u0430\u0438\u0433\u0440\u0430 \u0438 \u045c\u0435 \u043c\u043e\u0436\u0435 \u0434\u0430 \u0458\u0430 \u043f\u043e\u043a\u0430\u0436\u0435 \u0441\u0432\u043e\u0458\u0430\u0442\u0430 \u0441\u0438\u043b\u0430 \u043f\u0440\u0438 \u0432\u043b\u0435\u0447\u0435\u045a\u0435. \u040c\u0435 \u0443\u0436\u0438\u0432\u0430\u0442\u0435 \u0437\u0430\u0435\u0434\u043d\u043e \u0432\u043e \u0432\u0440\u0435\u043c\u0435\u0442\u043e \u043f\u043e\u043c\u0438\u043d\u0430\u0442\u043e \u0432\u043e \u0438\u0433\u0440\u0430. \u041a\u0443\u0447\u0438\u045a\u0430\u0442\u0430 \u0458\u0430 \u043e\u0431\u043e\u0436\u0430\u0432\u0430\u0430\u0442 \u0438\u0433\u0440\u0430\u0442\u0430 \u043d\u0430 \u0432\u043b\u0435\u0447\u0435\u045a\u0435, \u0442\u0435\u0433\u043d\u0435\u045a\u0435 \u0438 \u0434\u043e\u043d\u0435\u0441\u0443\u0432\u0430\u045a\u0435. \u041e\u0432\u0438\u0435 \u0438\u0433\u0440\u0430\u0447\u043a\u0438 \u0441\u0435 \u043f\u043e\u0433\u043e\u0434\u043d\u0438 \u0438 \u043a\u043e\u0433\u0430 \u043a\u0443\u0447\u0435\u0442\u043e \u043e\u0441\u0442\u0430\u043d\u0443\u0432\u0430 \u0441\u0430\u043c\u043e \u0434\u043e\u043c\u0430. \u041f\u0440\u0430\u0432\u0438\u043b\u043d\u0430\u0442\u0430 \u0438\u0433\u0440\u0430\u0447\u043a\u0430, \u0438\u0437\u0440\u0430\u0431\u043e\u0442\u0435\u043d\u0430 \u043e\u0434 \u043a\u0432\u0430\u043b\u0438\u0442\u0435\u0442\u0435\u043d \u0438 \u0438\u0437\u0434\u0440\u0436\u043b\u0438\u0432 \u043c\u0430\u0442\u0435\u0440\u0438\u0458\u0430\u043b, \u043d\u043e\u0441\u0438 \u0440\u0430\u0434\u043e\u0441\u0442 [&hellip;]<\/p>\n","protected":false},"featured_media":2918,"template":"","meta":{"ocean_post_layout":"","ocean_both_sidebars_style":"","ocean_both_sidebars_content_width":0,"ocean_both_sidebars_sidebars_width":0,"ocean_sidebar":"0","ocean_second_sidebar":"0","ocean_disable_margins":"enable","ocean_add_body_class":"","ocean_shortcode_before_top_bar":"","ocean_shortcode_after_top_bar":"","ocean_shortcode_before_header":"","ocean_shortcode_after_header":"","ocean_has_shortcode":"","ocean_shortcode_after_title":"","ocean_shortcode_before_footer_widgets":"","ocean_shortcode_after_footer_widgets":"","ocean_shortcode_before_footer_bottom":"","ocean_shortcode_after_footer_bottom":"","ocean_display_top_bar":"default","ocean_display_header":"default","ocean_header_style":"","ocean_center_header_left_menu":"0","ocean_custom_header_template":"0","ocean_custom_logo":0,"ocean_custom_retina_logo":0,"ocean_custom_logo_max_width":0,"ocean_custom_logo_tablet_max_width":0,"ocean_custom_logo_mobile_max_width":0,"ocean_custom_logo_max_height":0,"ocean_custom_logo_tablet_max_height":0,"ocean_custom_logo_mobile_max_height":0,"ocean_header_custom_menu":"0","ocean_menu_typo_font_family":"0","ocean_menu_typo_font_subset":"","ocean_menu_typo_font_size":0,"ocean_menu_typo_font_size_tablet":0,"ocean_menu_typo_font_size_mobile":0,"ocean_menu_typo_font_size_unit":"px","ocean_menu_typo_font_weight":"","ocean_menu_typo_font_weight_tablet":"","ocean_menu_typo_font_weight_mobile":"","ocean_menu_typo_transform":"","ocean_menu_typo_transform_tablet":"","ocean_menu_typo_transform_mobile":"","ocean_menu_typo_line_height":0,"ocean_menu_typo_line_height_tablet":0,"ocean_menu_typo_line_height_mobile":0,"ocean_menu_typo_line_height_unit":"","ocean_menu_typo_spacing":0,"ocean_menu_typo_spacing_tablet":0,"ocean_menu_typo_spacing_mobile":0,"ocean_menu_typo_spacing_unit":"","ocean_menu_link_color":"","ocean_menu_link_color_hover":"","ocean_menu_link_color_active":"","ocean_menu_link_background":"","ocean_menu_link_hover_background":"","ocean_menu_link_active_background":"","ocean_menu_social_links_bg":"","ocean_menu_social_hover_links_bg":"","ocean_menu_social_links_color":"","ocean_menu_social_hover_links_color":"","ocean_disable_title":"default","ocean_disable_heading":"default","ocean_post_title":"","ocean_post_subheading":"","ocean_post_title_style":"","ocean_post_title_background_color":"","ocean_post_title_background":0,"ocean_post_title_bg_image_position":"","ocean_post_title_bg_image_attachment":"","ocean_post_title_bg_image_repeat":"","ocean_post_title_bg_image_size":"","ocean_post_title_height":0,"ocean_post_title_bg_overlay":0.5,"ocean_post_title_bg_overlay_color":"","ocean_disable_breadcrumbs":"default","ocean_breadcrumbs_color":"","ocean_breadcrumbs_separator_color":"","ocean_breadcrumbs_links_color":"","ocean_breadcrumbs_links_hover_color":"","ocean_display_footer_widgets":"default","ocean_display_footer_bottom":"default","ocean_custom_footer_template":"0"},"product_brand":[],"product_cat":[90,59],"product_tag":[],"class_list":{"0":"post-2917","1":"product","2":"type-product","3":"status-publish","4":"has-post-thumbnail","6":"product_cat-tatrapet","7":"product_cat-igrachki-za-kuche","9":"entry","10":"has-media","12":"first","13":"instock","14":"taxable","15":"shipping-taxable","16":"purchasable","17":"product-type-simple","18":"col","19":"span_1_of_3","20":"owp-content-center","21":"owp-thumbs-layout-horizontal","22":"owp-btn-normal","23":"owp-tabs-layout-vertical","24":"has-no-thumbnails"},"jetpack_sharing_enabled":true,"_links":{"self":[{"href":"https:\/\/pet-expert.mk\/sq\/wp-json\/wp\/v2\/product\/2917","targetHints":{"allow":["GET"]}}],"collection":[{"href":"https:\/\/pet-expert.mk\/sq\/wp-json\/wp\/v2\/product"}],"about":[{"href":"https:\/\/pet-expert.mk\/sq\/wp-json\/wp\/v2\/types\/product"}],"version-history":[{"count":1,"href":"https:\/\/pet-expert.mk\/sq\/wp-json\/wp\/v2\/product\/2917\/revisions"}],"predecessor-version":[{"id":2919,"href":"https:\/\/pet-expert.mk\/sq\/wp-json\/wp\/v2\/product\/2917\/revisions\/2919"}],"wp:featuredmedia":[{"embeddable":true,"href":"https:\/\/pet-expert.mk\/sq\/wp-json\/wp\/v2\/media\/2918"}],"wp:attachment":[{"href":"https:\/\/pet-expert.mk\/sq\/wp-json\/wp\/v2\/media?parent=2917"}],"wp:term":[{"taxonomy":"product_brand","embeddable":true,"href":"https:\/\/pet-expert.mk\/sq\/wp-json\/wp\/v2\/product_brand?post=2917"},{"taxonomy":"product_cat","embeddable":true,"href":"https:\/\/pet-expert.mk\/sq\/wp-json\/wp\/v2\/product_cat?post=2917"},{"taxonomy":"product_tag","embeddable":true,"href":"https:\/\/pet-expert.mk\/sq\/wp-json\/wp\/v2\/product_tag?post=2917"}],"curies":[{"name":"wp","href":"https:\/\/api.w.org\/{rel}","templated":true}]}}