{"id":2589,"date":"2025-05-30T11:10:00","date_gmt":"2025-05-30T11:10:00","guid":{"rendered":"https:\/\/pet-expert.mk\/?post_type=product&#038;p=2589"},"modified":"2025-05-30T11:10:00","modified_gmt":"2025-05-30T11:10:00","slug":"tatrapet-%d1%82%d0%b2%d1%80%d0%b4%d0%b0-%d0%b3%d1%83%d0%bc%d0%b0-%d0%ba%d0%be%d1%81%d0%ba%d0%b0-105%d1%86%d0%bc","status":"publish","type":"product","link":"https:\/\/pet-expert.mk\/sq\/product\/tatrapet-%d1%82%d0%b2%d1%80%d0%b4%d0%b0-%d0%b3%d1%83%d0%bc%d0%b0-%d0%ba%d0%be%d1%81%d0%ba%d0%b0-105%d1%86%d0%bc\/","title":{"rendered":"Tatrapet Gom\u00eb e fort\u00eb - kock\u00eb 10.5cm"},"content":{"rendered":"<p>Me k\u00ebt\u00eb lod\u00ebr qeni masazhon mishrat e dh\u00ebmb\u00ebve dhe forcon muskujt p\u00ebrtyp\u00ebs gjat\u00eb loj\u00ebs.T\u00eb luash me to \u00ebsht\u00eb shum\u00eb arg\u00ebtuese edhe kur qeni lihet vet\u00ebm n\u00eb sht\u00ebpi. Lodra e duhur e b\u00ebr\u00eb nga material cil\u00ebsor dhe i q\u00ebndruesh\u00ebm sjell g\u00ebzim dhe larmi n\u00eb jet\u00ebn e p\u00ebrditshme t\u00eb kafsh\u00ebs suaj. K\u00ebto jan\u00eb kryesisht topa, kocka, litar\u00eb dhe lodra q\u00eb b\u00ebjn\u00eb tinguj ose kan\u00eb nj\u00eb arom\u00eb t\u00ebrheq\u00ebse.<\/p>","protected":false},"excerpt":{"rendered":"<p><strong>\u0411\u041e\u0408\u0410\u0422\u0410 \u0415 \u041f\u041e\u0420\u0422\u041e\u041a\u0410\u041b\u041e\u0412\u0410<\/strong><\/p>","protected":false},"featured_media":2590,"template":"","meta":{"ocean_post_layout":"","ocean_both_sidebars_style":"","ocean_both_sidebars_content_width":0,"ocean_both_sidebars_sidebars_width":0,"ocean_sidebar":"0","ocean_second_sidebar":"0","ocean_disable_margins":"enable","ocean_add_body_class":"","ocean_shortcode_before_top_bar":"","ocean_shortcode_after_top_bar":"","ocean_shortcode_before_header":"","ocean_shortcode_after_header":"","ocean_has_shortcode":"","ocean_shortcode_after_title":"","ocean_shortcode_before_footer_widgets":"","ocean_shortcode_after_footer_widgets":"","ocean_shortcode_before_footer_bottom":"","ocean_shortcode_after_footer_bottom":"","ocean_display_top_bar":"default","ocean_display_header":"default","ocean_header_style":"","ocean_center_header_left_menu":"0","ocean_custom_header_template":"0","ocean_custom_logo":0,"ocean_custom_retina_logo":0,"ocean_custom_logo_max_width":0,"ocean_custom_logo_tablet_max_width":0,"ocean_custom_logo_mobile_max_width":0,"ocean_custom_logo_max_height":0,"ocean_custom_logo_tablet_max_height":0,"ocean_custom_logo_mobile_max_height":0,"ocean_header_custom_menu":"0","ocean_menu_typo_font_family":"0","ocean_menu_typo_font_subset":"","ocean_menu_typo_font_size":0,"ocean_menu_typo_font_size_tablet":0,"ocean_menu_typo_font_size_mobile":0,"ocean_menu_typo_font_size_unit":"px","ocean_menu_typo_font_weight":"","ocean_menu_typo_font_weight_tablet":"","ocean_menu_typo_font_weight_mobile":"","ocean_menu_typo_transform":"","ocean_menu_typo_transform_tablet":"","ocean_menu_typo_transform_mobile":"","ocean_menu_typo_line_height":0,"ocean_menu_typo_line_height_tablet":0,"ocean_menu_typo_line_height_mobile":0,"ocean_menu_typo_line_height_unit":"","ocean_menu_typo_spacing":0,"ocean_menu_typo_spacing_tablet":0,"ocean_menu_typo_spacing_mobile":0,"ocean_menu_typo_spacing_unit":"","ocean_menu_link_color":"","ocean_menu_link_color_hover":"","ocean_menu_link_color_active":"","ocean_menu_link_background":"","ocean_menu_link_hover_background":"","ocean_menu_link_active_background":"","ocean_menu_social_links_bg":"","ocean_menu_social_hover_links_bg":"","ocean_menu_social_links_color":"","ocean_menu_social_hover_links_color":"","ocean_disable_title":"default","ocean_disable_heading":"default","ocean_post_title":"","ocean_post_subheading":"","ocean_post_title_style":"","ocean_post_title_background_color":"","ocean_post_title_background":0,"ocean_post_title_bg_image_position":"","ocean_post_title_bg_image_attachment":"","ocean_post_title_bg_image_repeat":"","ocean_post_title_bg_image_size":"","ocean_post_title_height":0,"ocean_post_title_bg_overlay":0.5,"ocean_post_title_bg_overlay_color":"","ocean_disable_breadcrumbs":"default","ocean_breadcrumbs_color":"","ocean_breadcrumbs_separator_color":"","ocean_breadcrumbs_links_color":"","ocean_breadcrumbs_links_hover_color":"","ocean_display_footer_widgets":"default","ocean_display_footer_bottom":"default","ocean_custom_footer_template":"0"},"product_brand":[],"product_cat":[90,59],"product_tag":[],"class_list":{"0":"post-2589","1":"product","2":"type-product","3":"status-publish","4":"has-post-thumbnail","6":"product_cat-tatrapet","7":"product_cat-igrachki-za-kuche","9":"entry","10":"has-media","12":"first","13":"instock","14":"taxable","15":"shipping-taxable","16":"purchasable","17":"product-type-simple","18":"col","19":"span_1_of_3","20":"owp-content-center","21":"owp-thumbs-layout-horizontal","22":"owp-btn-normal","23":"owp-tabs-layout-vertical","24":"has-no-thumbnails"},"jetpack_sharing_enabled":true,"_links":{"self":[{"href":"https:\/\/pet-expert.mk\/sq\/wp-json\/wp\/v2\/product\/2589","targetHints":{"allow":["GET"]}}],"collection":[{"href":"https:\/\/pet-expert.mk\/sq\/wp-json\/wp\/v2\/product"}],"about":[{"href":"https:\/\/pet-expert.mk\/sq\/wp-json\/wp\/v2\/types\/product"}],"version-history":[{"count":1,"href":"https:\/\/pet-expert.mk\/sq\/wp-json\/wp\/v2\/product\/2589\/revisions"}],"predecessor-version":[{"id":2591,"href":"https:\/\/pet-expert.mk\/sq\/wp-json\/wp\/v2\/product\/2589\/revisions\/2591"}],"wp:featuredmedia":[{"embeddable":true,"href":"https:\/\/pet-expert.mk\/sq\/wp-json\/wp\/v2\/media\/2590"}],"wp:attachment":[{"href":"https:\/\/pet-expert.mk\/sq\/wp-json\/wp\/v2\/media?parent=2589"}],"wp:term":[{"taxonomy":"product_brand","embeddable":true,"href":"https:\/\/pet-expert.mk\/sq\/wp-json\/wp\/v2\/product_brand?post=2589"},{"taxonomy":"product_cat","embeddable":true,"href":"https:\/\/pet-expert.mk\/sq\/wp-json\/wp\/v2\/product_cat?post=2589"},{"taxonomy":"product_tag","embeddable":true,"href":"https:\/\/pet-expert.mk\/sq\/wp-json\/wp\/v2\/product_tag?post=2589"}],"curies":[{"name":"wp","href":"https:\/\/api.w.org\/{rel}","templated":true}]}}