{"id":2412,"date":"2025-05-29T10:50:07","date_gmt":"2025-05-29T10:50:07","guid":{"rendered":"https:\/\/pet-expert.mk\/?post_type=product&#038;p=2412"},"modified":"2025-09-30T12:57:31","modified_gmt":"2025-09-30T10:57:31","slug":"tatrapet-%d1%85%d1%80%d0%b0%d0%bd%d0%b0-%d0%b7%d0%b0-%d1%82%d0%b8%d0%b3%d1%80%d0%b8%d1%86%d0%b8-500%d0%b3","status":"publish","type":"product","link":"https:\/\/pet-expert.mk\/sq\/product\/tatrapet-%d1%85%d1%80%d0%b0%d0%bd%d0%b0-%d0%b7%d0%b0-%d1%82%d0%b8%d0%b3%d1%80%d0%b8%d1%86%d0%b8-500%d0%b3\/","title":{"rendered":"Tatrapet Ushqim p\u00ebr papagajt\u00eb tig\u00ebr 500g"},"content":{"rendered":"<p class=\"\" data-start=\"0\" data-end=\"119\">Ushqim i plot\u00eb p\u00ebr papagaj.<br data-start=\"37\" data-end=\"40\" \/>P\u00ebrb\u00ebrje: meli, t\u00ebrsh\u00ebra e paq\u00ebruar, bar kanarine, liri, produkte furre buke.<\/p>\n<p class=\"\" data-start=\"121\" data-end=\"359\"><strong data-start=\"121\" data-end=\"155\">Udh\u00ebzim p\u00ebr p\u00ebrdorim:<\/strong><br data-start=\"155\" data-end=\"158\" \/>Ushqimi \u00ebsht\u00eb i destinuar p\u00ebr papagaj (budgies) dhe papagaj t\u00eb vegj\u00ebl. Jepeni n\u00eb form\u00eb t\u00eb that\u00eb dhe rregulloni doz\u00ebn ditore sipas nevojave individuale t\u00eb shpendit. Jepini nj\u00eb sasi t\u00eb mjaftueshme uj\u00eb t\u00eb fresk\u00ebt.<\/p>\n<p class=\"\" data-start=\"361\" data-end=\"405\"><strong data-start=\"361\" data-end=\"372\">Ruajtje:<\/strong><br data-start=\"372\" data-end=\"375\" \/>N\u00eb vend t\u00eb that\u00eb.<\/p>","protected":false},"excerpt":{"rendered":"<p>\u041a\u043e\u043c\u043f\u043b\u0435\u0442\u043d\u0430 \u0445\u0440\u0430\u043d\u0430 \u0437\u0430 \u043f\u0430\u043f\u0430\u0433\u0430\u043b\u0438.\u0421\u043e\u0441\u0442\u0430\u0432: \u043f\u0440\u043e\u0441\u043e, \u043d\u0435\u043e\u0431\u043b\u0443\u043f\u0435\u043d \u043e\u0432\u0435\u0441, \u043a\u0430\u043d\u0430\u0440\u0438\u043d\u0441\u043a\u0430 \u0442\u0440\u0435\u0432\u0430, \u043b\u0435\u043d, \u043f\u0440\u043e\u0438\u0437\u0432\u043e\u0434\u0438 \u043e\u0434 \u043f\u0435\u043a\u0430\u0440\u0441\u0442\u0432\u043e. \u0423\u043f\u0430\u0442\u0441\u0442\u0432\u043e \u0437\u0430 \u043f\u0440\u0430\u0432\u0438\u043b\u043d\u0430 \u0443\u043f\u043e\u0442\u0440\u0435\u0431\u0430:\u0425\u0440\u0430\u043d\u0430\u0442\u0430 \u0435 \u043d\u0430\u043c\u0435\u043d\u0435\u0442\u0430 \u0437\u0430 \u043f\u0430\u043f\u0430\u0433\u0430\u043b\u0438 (\u0431\u0443\u0434\u0438\u0433\u0438) \u0438 \u043c\u0430\u043b\u0438 \u043f\u0430\u043f\u0430\u0433\u0430\u043b\u0438. \u0414\u0430\u0432\u0430\u0442\u0435 \u0458\u0430 \u0432\u043e \u0441\u0443\u0432\u0430 \u0441\u043e\u0441\u0442\u043e\u0458\u0431\u0430, \u0430 \u0434\u043d\u0435\u0432\u043d\u0430\u0442\u0430 \u0434\u043e\u0437\u0430 \u043f\u0440\u0438\u043b\u0430\u0433\u043e\u0434\u0435\u0442\u0435 \u0458\u0430 \u0441\u043f\u043e\u0440\u0435\u0434 \u0438\u043d\u0434\u0438\u0432\u0438\u0434\u0443\u0430\u043b\u043d\u0438\u0442\u0435 \u043f\u043e\u0442\u0440\u0435\u0431\u0438 \u043d\u0430 \u043f\u0442\u0438\u0446\u0430\u0442\u0430. \u041e\u0431\u0435\u0437\u0431\u0435\u0434\u0435\u0442\u0435 \u0434\u043e\u0432\u043e\u043b\u043d\u043e \u043a\u043e\u043b\u0438\u0447\u0435\u0441\u0442\u0432\u043e \u0441\u0432\u0435\u0436\u0430 \u0432\u043e\u0434\u0430. \u0427\u0443\u0432\u0430\u045a\u0435:\u0427\u0443\u0432\u0430\u0458\u0442\u0435 \u043d\u0430 \u0441\u0443\u0432\u043e \u0438 \u043b\u0430\u0434\u043d\u043e \u043c\u0435\u0441\u0442\u043e.<\/p>","protected":false},"featured_media":2413,"template":"","meta":{"ocean_post_layout":"","ocean_both_sidebars_style":"","ocean_both_sidebars_content_width":0,"ocean_both_sidebars_sidebars_width":0,"ocean_sidebar":"0","ocean_second_sidebar":"0","ocean_disable_margins":"enable","ocean_add_body_class":"","ocean_shortcode_before_top_bar":"","ocean_shortcode_after_top_bar":"","ocean_shortcode_before_header":"","ocean_shortcode_after_header":"","ocean_has_shortcode":"","ocean_shortcode_after_title":"","ocean_shortcode_before_footer_widgets":"","ocean_shortcode_after_footer_widgets":"","ocean_shortcode_before_footer_bottom":"","ocean_shortcode_after_footer_bottom":"","ocean_display_top_bar":"default","ocean_display_header":"default","ocean_header_style":"","ocean_center_header_left_menu":"0","ocean_custom_header_template":"0","ocean_custom_logo":0,"ocean_custom_retina_logo":0,"ocean_custom_logo_max_width":0,"ocean_custom_logo_tablet_max_width":0,"ocean_custom_logo_mobile_max_width":0,"ocean_custom_logo_max_height":0,"ocean_custom_logo_tablet_max_height":0,"ocean_custom_logo_mobile_max_height":0,"ocean_header_custom_menu":"0","ocean_menu_typo_font_family":"0","ocean_menu_typo_font_subset":"","ocean_menu_typo_font_size":0,"ocean_menu_typo_font_size_tablet":0,"ocean_menu_typo_font_size_mobile":0,"ocean_menu_typo_font_size_unit":"px","ocean_menu_typo_font_weight":"","ocean_menu_typo_font_weight_tablet":"","ocean_menu_typo_font_weight_mobile":"","ocean_menu_typo_transform":"","ocean_menu_typo_transform_tablet":"","ocean_menu_typo_transform_mobile":"","ocean_menu_typo_line_height":0,"ocean_menu_typo_line_height_tablet":0,"ocean_menu_typo_line_height_mobile":0,"ocean_menu_typo_line_height_unit":"","ocean_menu_typo_spacing":0,"ocean_menu_typo_spacing_tablet":0,"ocean_menu_typo_spacing_mobile":0,"ocean_menu_typo_spacing_unit":"","ocean_menu_link_color":"","ocean_menu_link_color_hover":"","ocean_menu_link_color_active":"","ocean_menu_link_background":"","ocean_menu_link_hover_background":"","ocean_menu_link_active_background":"","ocean_menu_social_links_bg":"","ocean_menu_social_hover_links_bg":"","ocean_menu_social_links_color":"","ocean_menu_social_hover_links_color":"","ocean_disable_title":"default","ocean_disable_heading":"default","ocean_post_title":"","ocean_post_subheading":"","ocean_post_title_style":"","ocean_post_title_background_color":"","ocean_post_title_background":0,"ocean_post_title_bg_image_position":"","ocean_post_title_bg_image_attachment":"","ocean_post_title_bg_image_repeat":"","ocean_post_title_bg_image_size":"","ocean_post_title_height":0,"ocean_post_title_bg_overlay":0.5,"ocean_post_title_bg_overlay_color":"","ocean_disable_breadcrumbs":"default","ocean_breadcrumbs_color":"","ocean_breadcrumbs_separator_color":"","ocean_breadcrumbs_links_color":"","ocean_breadcrumbs_links_hover_color":"","ocean_display_footer_widgets":"default","ocean_display_footer_bottom":"default","ocean_custom_footer_template":"0"},"product_brand":[],"product_cat":[90,76],"product_tag":[],"class_list":{"0":"post-2412","1":"product","2":"type-product","3":"status-publish","4":"has-post-thumbnail","6":"product_cat-tatrapet","7":"product_cat-hrana-za-ptici-i-glodari","9":"entry","10":"has-media","12":"first","13":"instock","14":"taxable","15":"shipping-taxable","16":"purchasable","17":"product-type-simple","18":"col","19":"span_1_of_3","20":"owp-content-center","21":"owp-thumbs-layout-horizontal","22":"owp-btn-normal","23":"owp-tabs-layout-vertical","24":"has-no-thumbnails"},"jetpack_sharing_enabled":true,"_links":{"self":[{"href":"https:\/\/pet-expert.mk\/sq\/wp-json\/wp\/v2\/product\/2412","targetHints":{"allow":["GET"]}}],"collection":[{"href":"https:\/\/pet-expert.mk\/sq\/wp-json\/wp\/v2\/product"}],"about":[{"href":"https:\/\/pet-expert.mk\/sq\/wp-json\/wp\/v2\/types\/product"}],"version-history":[{"count":2,"href":"https:\/\/pet-expert.mk\/sq\/wp-json\/wp\/v2\/product\/2412\/revisions"}],"predecessor-version":[{"id":3777,"href":"https:\/\/pet-expert.mk\/sq\/wp-json\/wp\/v2\/product\/2412\/revisions\/3777"}],"wp:featuredmedia":[{"embeddable":true,"href":"https:\/\/pet-expert.mk\/sq\/wp-json\/wp\/v2\/media\/2413"}],"wp:attachment":[{"href":"https:\/\/pet-expert.mk\/sq\/wp-json\/wp\/v2\/media?parent=2412"}],"wp:term":[{"taxonomy":"product_brand","embeddable":true,"href":"https:\/\/pet-expert.mk\/sq\/wp-json\/wp\/v2\/product_brand?post=2412"},{"taxonomy":"product_cat","embeddable":true,"href":"https:\/\/pet-expert.mk\/sq\/wp-json\/wp\/v2\/product_cat?post=2412"},{"taxonomy":"product_tag","embeddable":true,"href":"https:\/\/pet-expert.mk\/sq\/wp-json\/wp\/v2\/product_tag?post=2412"}],"curies":[{"name":"wp","href":"https:\/\/api.w.org\/{rel}","templated":true}]}}