{"id":2213,"date":"2025-05-28T10:48:08","date_gmt":"2025-05-28T10:48:08","guid":{"rendered":"https:\/\/pet-expert.mk\/?post_type=product&#038;p=2213"},"modified":"2025-05-28T10:48:08","modified_gmt":"2025-05-28T10:48:08","slug":"pet-expert-%d1%88%d0%b0%d0%bc%d0%bf%d0%be%d0%bd-%d0%bf%d1%80%d0%be%d1%82%d0%b8%d0%b2-%d0%bf%d0%b0%d1%80%d0%b0%d0%b7%d0%b8%d1%82%d0%b8-300%d0%bc%d0%bb","status":"publish","type":"product","link":"https:\/\/pet-expert.mk\/sq\/product\/pet-expert-%d1%88%d0%b0%d0%bc%d0%bf%d0%be%d0%bd-%d0%bf%d1%80%d0%be%d1%82%d0%b8%d0%b2-%d0%bf%d0%b0%d1%80%d0%b0%d0%b7%d0%b8%d1%82%d0%b8-300%d0%bc%d0%bb\/","title":{"rendered":"Pet Expert Shampo antiparazitar 300ml"},"content":{"rendered":"<p>Shampo me nj\u00eb p\u00ebrb\u00ebr\u00ebs natyral antibakterial. Vajrat esencial\u00eb t\u00eb eukaliptit dhe citronel\u00ebs kan\u00eb nj\u00eb efekt largues kund\u00ebr pleshtave, rriqrave, mushkonjave dhe insekteve t\u00eb tjera q\u00eb thithin gjak. Ka nj\u00eb arom\u00eb t\u00eb fresk\u00ebt dhe q\u00eb zgjat nj\u00eb koh\u00eb t\u00eb gjat\u00eb dhe \u00ebsht\u00eb i p\u00ebrshtatsh\u00ebm p\u00ebr t\u00eb gjitha racat e qenve. Mos e p\u00ebrdorni te macet! Kini kujdes q\u00eb shampoja t\u00eb mos vij\u00eb n\u00eb kontakt me syt\u00eb dhe vesh\u00ebt e qenit.<\/p>","protected":false},"excerpt":{"rendered":"<p>Shampo me nj\u00eb p\u00ebrb\u00ebr\u00ebs natyral antibakterial. Vajrat esencial\u00eb t\u00eb eukaliptit dhe citronel\u00ebs kan\u00eb nj\u00eb efekt largues kund\u00ebr pleshtave, rriqrave, mushkonjave dhe insekteve t\u00eb tjera q\u00eb thithin gjak. Ka nj\u00eb arom\u00eb t\u00eb fresk\u00ebt dhe q\u00eb zgjat nj\u00eb koh\u00eb t\u00eb gjat\u00eb dhe \u00ebsht\u00eb i p\u00ebrshtatsh\u00ebm p\u00ebr t\u00eb gjitha racat e qenve. Mos e p\u00ebrdorni te macet! Kini kujdes q\u00eb shampoja t\u00eb mos vij\u00eb n\u00eb kontakt me syt\u00eb dhe vesh\u00ebt e qenit.<\/p>","protected":false},"featured_media":2214,"template":"","meta":{"ocean_post_layout":"","ocean_both_sidebars_style":"","ocean_both_sidebars_content_width":0,"ocean_both_sidebars_sidebars_width":0,"ocean_sidebar":"0","ocean_second_sidebar":"0","ocean_disable_margins":"enable","ocean_add_body_class":"","ocean_shortcode_before_top_bar":"","ocean_shortcode_after_top_bar":"","ocean_shortcode_before_header":"","ocean_shortcode_after_header":"","ocean_has_shortcode":"","ocean_shortcode_after_title":"","ocean_shortcode_before_footer_widgets":"","ocean_shortcode_after_footer_widgets":"","ocean_shortcode_before_footer_bottom":"","ocean_shortcode_after_footer_bottom":"","ocean_display_top_bar":"default","ocean_display_header":"default","ocean_header_style":"","ocean_center_header_left_menu":"0","ocean_custom_header_template":"0","ocean_custom_logo":0,"ocean_custom_retina_logo":0,"ocean_custom_logo_max_width":0,"ocean_custom_logo_tablet_max_width":0,"ocean_custom_logo_mobile_max_width":0,"ocean_custom_logo_max_height":0,"ocean_custom_logo_tablet_max_height":0,"ocean_custom_logo_mobile_max_height":0,"ocean_header_custom_menu":"0","ocean_menu_typo_font_family":"0","ocean_menu_typo_font_subset":"","ocean_menu_typo_font_size":0,"ocean_menu_typo_font_size_tablet":0,"ocean_menu_typo_font_size_mobile":0,"ocean_menu_typo_font_size_unit":"px","ocean_menu_typo_font_weight":"","ocean_menu_typo_font_weight_tablet":"","ocean_menu_typo_font_weight_mobile":"","ocean_menu_typo_transform":"","ocean_menu_typo_transform_tablet":"","ocean_menu_typo_transform_mobile":"","ocean_menu_typo_line_height":0,"ocean_menu_typo_line_height_tablet":0,"ocean_menu_typo_line_height_mobile":0,"ocean_menu_typo_line_height_unit":"","ocean_menu_typo_spacing":0,"ocean_menu_typo_spacing_tablet":0,"ocean_menu_typo_spacing_mobile":0,"ocean_menu_typo_spacing_unit":"","ocean_menu_link_color":"","ocean_menu_link_color_hover":"","ocean_menu_link_color_active":"","ocean_menu_link_background":"","ocean_menu_link_hover_background":"","ocean_menu_link_active_background":"","ocean_menu_social_links_bg":"","ocean_menu_social_hover_links_bg":"","ocean_menu_social_links_color":"","ocean_menu_social_hover_links_color":"","ocean_disable_title":"default","ocean_disable_heading":"default","ocean_post_title":"","ocean_post_subheading":"","ocean_post_title_style":"","ocean_post_title_background_color":"","ocean_post_title_background":0,"ocean_post_title_bg_image_position":"","ocean_post_title_bg_image_attachment":"","ocean_post_title_bg_image_repeat":"","ocean_post_title_bg_image_size":"","ocean_post_title_height":0,"ocean_post_title_bg_overlay":0.5,"ocean_post_title_bg_overlay_color":"","ocean_disable_breadcrumbs":"default","ocean_breadcrumbs_color":"","ocean_breadcrumbs_separator_color":"","ocean_breadcrumbs_links_color":"","ocean_breadcrumbs_links_hover_color":"","ocean_display_footer_widgets":"default","ocean_display_footer_bottom":"default","ocean_custom_footer_template":"0"},"product_brand":[],"product_cat":[89,61],"product_tag":[],"class_list":{"0":"post-2213","1":"product","2":"type-product","3":"status-publish","4":"has-post-thumbnail","6":"product_cat-pet-expert","7":"product_cat-shamponi-nega-i-chinii","9":"entry","10":"has-media","12":"first","13":"instock","14":"taxable","15":"shipping-taxable","16":"purchasable","17":"product-type-simple","18":"col","19":"span_1_of_3","20":"owp-content-center","21":"owp-thumbs-layout-horizontal","22":"owp-btn-normal","23":"owp-tabs-layout-vertical","24":"has-no-thumbnails"},"jetpack_sharing_enabled":true,"_links":{"self":[{"href":"https:\/\/pet-expert.mk\/sq\/wp-json\/wp\/v2\/product\/2213","targetHints":{"allow":["GET"]}}],"collection":[{"href":"https:\/\/pet-expert.mk\/sq\/wp-json\/wp\/v2\/product"}],"about":[{"href":"https:\/\/pet-expert.mk\/sq\/wp-json\/wp\/v2\/types\/product"}],"version-history":[{"count":1,"href":"https:\/\/pet-expert.mk\/sq\/wp-json\/wp\/v2\/product\/2213\/revisions"}],"predecessor-version":[{"id":2215,"href":"https:\/\/pet-expert.mk\/sq\/wp-json\/wp\/v2\/product\/2213\/revisions\/2215"}],"wp:featuredmedia":[{"embeddable":true,"href":"https:\/\/pet-expert.mk\/sq\/wp-json\/wp\/v2\/media\/2214"}],"wp:attachment":[{"href":"https:\/\/pet-expert.mk\/sq\/wp-json\/wp\/v2\/media?parent=2213"}],"wp:term":[{"taxonomy":"product_brand","embeddable":true,"href":"https:\/\/pet-expert.mk\/sq\/wp-json\/wp\/v2\/product_brand?post=2213"},{"taxonomy":"product_cat","embeddable":true,"href":"https:\/\/pet-expert.mk\/sq\/wp-json\/wp\/v2\/product_cat?post=2213"},{"taxonomy":"product_tag","embeddable":true,"href":"https:\/\/pet-expert.mk\/sq\/wp-json\/wp\/v2\/product_tag?post=2213"}],"curies":[{"name":"wp","href":"https:\/\/api.w.org\/{rel}","templated":true}]}}