{"id":2071,"date":"2025-05-27T09:59:01","date_gmt":"2025-05-27T09:59:01","guid":{"rendered":"https:\/\/pet-expert.mk\/?post_type=product&#038;p=2071"},"modified":"2025-08-07T14:05:33","modified_gmt":"2025-08-07T12:05:33","slug":"tatrapet-%d0%b3%d0%be%d0%b2%d0%b5%d0%b4%d1%81%d0%ba%d0%b8-%d1%81%d1%82%d0%b0%d0%bf%d1%88%d0%b8%d1%9a%d0%b0-75%d0%b3","status":"publish","type":"product","link":"https:\/\/pet-expert.mk\/sq\/product\/tatrapet-%d0%b3%d0%be%d0%b2%d0%b5%d0%b4%d1%81%d0%ba%d0%b8-%d1%81%d1%82%d0%b0%d0%bf%d1%88%d0%b8%d1%9a%d0%b0-75%d0%b3\/","title":{"rendered":"Tatrapet Shkopinj vi\u00e7i 75g"},"content":{"rendered":"<p>Nj\u00eb ushqim plot\u00ebsues ideal p\u00ebr t`u ngr\u00ebn\u00eb dhe p\u00ebrtypur nga qent\u00eb, pasi forcon indin muskulor p\u00ebrtyp\u00ebs dhe \u00ebsht\u00eb nj\u00eb ndihm\u00eb e shk\u00eblqyer n\u00eb kujdesin p\u00ebr sh\u00ebndetin e dh\u00ebmb\u00ebve. \u00cbsht\u00eb nj\u00eb ushqim plot\u00ebsues leht\u00ebsisht i tretsh\u00ebm dhe \u00ebsht\u00eb i p\u00ebrshtatsh\u00ebm p\u00ebr t\u00eb gjitha racat. Qent\u00eb e adhurojn\u00eb arom\u00ebn dje shijen e tij dhe gjithmon\u00eb e han\u00eb me k\u00ebnaq\u00ebsi. Gjat\u00eb st\u00ebrvitjes, \u00ebsht\u00eb nj\u00eb shp\u00ebrblim i shk\u00eblqyer motivues p\u00ebr bindje.<\/p>","protected":false},"excerpt":{"rendered":"<p>\u0414\u043e\u043f\u043e\u043b\u043d\u0438\u0442\u0435\u043b\u043d\u0430 \u0445\u0440\u0430\u043d\u0430 \u043a\u043e\u0458\u0430 \u0435 \u0438\u0434\u0435\u0430\u043b\u043d\u0430 \u0437\u0430 \u0433\u0440\u0438\u0446\u043a\u0430\u045a\u0435 \u0438 \u045f\u0432\u0430\u043a\u0430\u045a\u0435 \u0437\u0430 \u043a\u0443\u0447\u0438\u045a\u0430, \u0431\u0438\u0434\u0435\u0458\u045c\u0438 \u0433\u043e \u0437\u0430\u0458\u0430\u043a\u043d\u0443\u0432\u0430 \u043c\u0443\u0441\u043a\u0443\u043b\u043e\u0442 \u0437\u0430 \u045f\u0432\u0430\u043a\u0430\u045a\u0435 \u0438 \u0435 \u043e\u0434\u043b\u0438\u0447\u043d\u0430 \u043f\u043e\u043c\u043e\u0448 \u043f\u0440\u0438 \u0433\u0440\u0438\u0436\u0430\u0442\u0430 \u0437\u0430 \u043e\u0440\u0430\u043b\u043d\u043e\u0442\u043e \u0437\u0434\u0440\u0430\u0432\u0458\u0435. \u041b\u0435\u0441\u043d\u043e \u0441\u0435 \u0432\u0430\u0440\u0438 \u0438 \u0435 \u043f\u043e\u0433\u043e\u0434\u043d\u0430 \u0437\u0430 \u0441\u0438\u0442\u0435 \u0440\u0430\u0441\u0438. \u041a\u0443\u0447\u0438\u045a\u0430\u0442\u0430 \u0458\u0430 \u043e\u0431\u043e\u0436\u0443\u0432\u0430\u0430\u0442 \u043d\u0435\u0458\u0437\u0438\u043d\u0430\u0442\u0430 \u0430\u0440\u043e\u043c\u0430 \u0438 \u0432\u043a\u0443\u0441 \u0438 \u0441\u0435\u043a\u043e\u0433\u0430\u0448 \u0441\u043e \u0437\u0430\u0434\u043e\u0432\u043e\u043b\u0441\u0442\u0432\u043e \u0458\u0430 \u0458\u0430\u0434\u0430\u0442. \u0417\u0430 \u0432\u0440\u0435\u043c\u0435 \u043d\u0430 \u0434\u0440\u0435\u0441\u0443\u0440\u0430, \u043f\u0440\u0435\u0442\u0441\u0442\u0430\u0432\u0443\u0432\u0430 \u043e\u0434\u043b\u0438\u0447\u043d\u0430 \u043c\u043e\u0442\u0438\u0432\u0430\u0446\u0438\u0441\u043a\u0430 [&hellip;]<\/p>\n","protected":false},"featured_media":2072,"template":"","meta":{"ocean_post_layout":"","ocean_both_sidebars_style":"","ocean_both_sidebars_content_width":0,"ocean_both_sidebars_sidebars_width":0,"ocean_sidebar":"0","ocean_second_sidebar":"0","ocean_disable_margins":"enable","ocean_add_body_class":"","ocean_shortcode_before_top_bar":"","ocean_shortcode_after_top_bar":"","ocean_shortcode_before_header":"","ocean_shortcode_after_header":"","ocean_has_shortcode":"","ocean_shortcode_after_title":"","ocean_shortcode_before_footer_widgets":"","ocean_shortcode_after_footer_widgets":"","ocean_shortcode_before_footer_bottom":"","ocean_shortcode_after_footer_bottom":"","ocean_display_top_bar":"default","ocean_display_header":"default","ocean_header_style":"","ocean_center_header_left_menu":"0","ocean_custom_header_template":"0","ocean_custom_logo":0,"ocean_custom_retina_logo":0,"ocean_custom_logo_max_width":0,"ocean_custom_logo_tablet_max_width":0,"ocean_custom_logo_mobile_max_width":0,"ocean_custom_logo_max_height":0,"ocean_custom_logo_tablet_max_height":0,"ocean_custom_logo_mobile_max_height":0,"ocean_header_custom_menu":"0","ocean_menu_typo_font_family":"0","ocean_menu_typo_font_subset":"","ocean_menu_typo_font_size":0,"ocean_menu_typo_font_size_tablet":0,"ocean_menu_typo_font_size_mobile":0,"ocean_menu_typo_font_size_unit":"px","ocean_menu_typo_font_weight":"","ocean_menu_typo_font_weight_tablet":"","ocean_menu_typo_font_weight_mobile":"","ocean_menu_typo_transform":"","ocean_menu_typo_transform_tablet":"","ocean_menu_typo_transform_mobile":"","ocean_menu_typo_line_height":0,"ocean_menu_typo_line_height_tablet":0,"ocean_menu_typo_line_height_mobile":0,"ocean_menu_typo_line_height_unit":"","ocean_menu_typo_spacing":0,"ocean_menu_typo_spacing_tablet":0,"ocean_menu_typo_spacing_mobile":0,"ocean_menu_typo_spacing_unit":"","ocean_menu_link_color":"","ocean_menu_link_color_hover":"","ocean_menu_link_color_active":"","ocean_menu_link_background":"","ocean_menu_link_hover_background":"","ocean_menu_link_active_background":"","ocean_menu_social_links_bg":"","ocean_menu_social_hover_links_bg":"","ocean_menu_social_links_color":"","ocean_menu_social_hover_links_color":"","ocean_disable_title":"default","ocean_disable_heading":"default","ocean_post_title":"","ocean_post_subheading":"","ocean_post_title_style":"","ocean_post_title_background_color":"","ocean_post_title_background":0,"ocean_post_title_bg_image_position":"","ocean_post_title_bg_image_attachment":"","ocean_post_title_bg_image_repeat":"","ocean_post_title_bg_image_size":"","ocean_post_title_height":0,"ocean_post_title_bg_overlay":0.5,"ocean_post_title_bg_overlay_color":"","ocean_disable_breadcrumbs":"default","ocean_breadcrumbs_color":"","ocean_breadcrumbs_separator_color":"","ocean_breadcrumbs_links_color":"","ocean_breadcrumbs_links_hover_color":"","ocean_display_footer_widgets":"default","ocean_display_footer_bottom":"default","ocean_custom_footer_template":"0"},"product_brand":[],"product_cat":[90,57],"product_tag":[],"class_list":{"0":"post-2071","1":"product","2":"type-product","3":"status-publish","4":"has-post-thumbnail","6":"product_cat-tatrapet","7":"product_cat-dog-treats","9":"entry","10":"has-media","12":"first","13":"instock","14":"taxable","15":"shipping-taxable","16":"purchasable","17":"product-type-simple","18":"col","19":"span_1_of_3","20":"owp-content-center","21":"owp-thumbs-layout-horizontal","22":"owp-btn-normal","23":"owp-tabs-layout-vertical","24":"has-no-thumbnails"},"jetpack_sharing_enabled":true,"_links":{"self":[{"href":"https:\/\/pet-expert.mk\/sq\/wp-json\/wp\/v2\/product\/2071","targetHints":{"allow":["GET"]}}],"collection":[{"href":"https:\/\/pet-expert.mk\/sq\/wp-json\/wp\/v2\/product"}],"about":[{"href":"https:\/\/pet-expert.mk\/sq\/wp-json\/wp\/v2\/types\/product"}],"version-history":[{"count":1,"href":"https:\/\/pet-expert.mk\/sq\/wp-json\/wp\/v2\/product\/2071\/revisions"}],"predecessor-version":[{"id":2073,"href":"https:\/\/pet-expert.mk\/sq\/wp-json\/wp\/v2\/product\/2071\/revisions\/2073"}],"wp:featuredmedia":[{"embeddable":true,"href":"https:\/\/pet-expert.mk\/sq\/wp-json\/wp\/v2\/media\/2072"}],"wp:attachment":[{"href":"https:\/\/pet-expert.mk\/sq\/wp-json\/wp\/v2\/media?parent=2071"}],"wp:term":[{"taxonomy":"product_brand","embeddable":true,"href":"https:\/\/pet-expert.mk\/sq\/wp-json\/wp\/v2\/product_brand?post=2071"},{"taxonomy":"product_cat","embeddable":true,"href":"https:\/\/pet-expert.mk\/sq\/wp-json\/wp\/v2\/product_cat?post=2071"},{"taxonomy":"product_tag","embeddable":true,"href":"https:\/\/pet-expert.mk\/sq\/wp-json\/wp\/v2\/product_tag?post=2071"}],"curies":[{"name":"wp","href":"https:\/\/api.w.org\/{rel}","templated":true}]}}