{"id":1948,"date":"2025-05-26T18:11:54","date_gmt":"2025-05-26T18:11:54","guid":{"rendered":"https:\/\/pet-expert.mk\/?post_type=product&#038;p=1948"},"modified":"2025-10-16T14:45:42","modified_gmt":"2025-10-16T12:45:42","slug":"perfect-%d0%bf%d0%b0%d1%83%d1%87-kitten-%d0%b1%d0%b5%d0%b7-%d0%b6%d0%b8%d1%82%d0%b0%d1%80%d0%b8%d1%86%d0%b8-%d0%bf%d0%b8%d0%bb%d0%b5%d1%88%d0%ba%d0%be-85g","status":"publish","type":"product","link":"https:\/\/pet-expert.mk\/sq\/product\/perfect-%d0%bf%d0%b0%d1%83%d1%87-kitten-%d0%b1%d0%b5%d0%b7-%d0%b6%d0%b8%d1%82%d0%b0%d1%80%d0%b8%d1%86%d0%b8-%d0%bf%d0%b8%d0%bb%d0%b5%d1%88%d0%ba%d0%be-85g\/","title":{"rendered":"Perfect Pouch Kitten pa drith\u00ebra me mish pule 85g"},"content":{"rendered":"<p class=\"\" data-start=\"0\" data-end=\"107\"><strong data-start=\"0\" data-end=\"11\">P\u00cbRB\u00cbRJE:<\/strong><br data-start=\"11\" data-end=\"14\" \/>Mish dhe derivate shtazore (pul\u00eb min. 4%), minerale. Pa ngjyrues dhe pa konservues.<\/p>\n<p class=\"\" data-start=\"109\" data-end=\"455\"><strong data-start=\"109\" data-end=\"131\">P\u00cbRB\u00cbRJE ANALITIKE:<\/strong><br data-start=\"131\" data-end=\"134\" \/>Proteina 9.0%, Yndyr\u00eb 5.0%, Hi 2.0%, Fib\u00ebr 0.1%, Lag\u00ebshti 82.0%, Vitamin\u00eb A 2000 IU\/kg, Vitamin\u00eb D3 200 IU\/kg, Vitamin\u00eb E 20 IU\/kg, Kompleks Vitamine B 15.51 mg\/kg, Zink (Sulfat zinku monohidrat) 10 mg\/kg, Mangan (Sulfat mangani monohidrat) 5 mg\/kg, Selen (Selenit natriumi) 0.03 mg\/kg, Taurin\u00eb 500 mg\/kg, Gom\u00eb kasia 4800 mg\/kg.<\/p>","protected":false},"excerpt":{"rendered":"<p>\u0421\u041e\u0421\u0422\u0410\u0412:\u041c\u0435\u0441\u043e \u0438 \u043f\u0440\u043e\u0438\u0437\u0432\u043e\u0434\u0438 \u043e\u0434 \u0436\u0438\u0432\u043e\u0442\u0438\u043d\u0441\u043a\u043e \u043f\u043e\u0442\u0435\u043a\u043b\u043e (\u043f\u0438\u043b\u0435\u0448\u043a\u043e \u043c\u0438\u043d. 4%), \u043c\u0438\u043d\u0435\u0440\u0430\u043b\u0438. \u0411\u0435\u0437 \u0431\u043e\u0458\u0430 \u0438 \u0431\u0435\u0437 \u043a\u043e\u043d\u0437\u0435\u0440\u0432\u0430\u043d\u0441\u0438. \u0410\u041d\u0410\u041b\u0418\u0422\u0418\u0427\u041a\u0418 \u0421\u041e\u0421\u0422\u0410\u0412:\u041f\u0440\u043e\u0442\u0435\u0438\u043d\u0438 9.0%, \u041c\u0430\u0441\u0442\u0438 5.0%, \u041f\u0435\u043f\u0435\u043b 2.0%, \u0412\u043b\u0430\u043a\u043d\u0430 0.1%, \u0412\u043b\u0430\u0433\u0430 82.0%, \u0412\u0438\u0442\u0430\u043c\u0438\u043d A 2000 IU\/kg, \u0412\u0438\u0442\u0430\u043c\u0438\u043d D3 200 IU\/kg, \u0412\u0438\u0442\u0430\u043c\u0438\u043d E 20 IU\/kg, \u0412\u0438\u0442\u0430\u043c\u0438\u043d B \u043a\u043e\u043c\u043f\u043b\u0435\u043a\u0441 15.51 mg\/kg, \u0426\u0438\u043d\u043a (\u0426\u0438\u043d\u043a \u0441\u0443\u043b\u0444\u0430\u0442 \u043c\u043e\u043d\u043e\u0445\u0438\u0434\u0440\u0430\u0442) 10 mg\/kg, \u041c\u0430\u043d\u0433\u0430\u043d (\u041c\u0430\u043d\u0433\u0430\u043d \u0441\u0443\u043b\u0444\u0430\u0442 \u043c\u043e\u043d\u043e\u0445\u0438\u0434\u0440\u0430\u0442) 5 mg\/kg, [&hellip;]<\/p>\n","protected":false},"featured_media":2627,"template":"","meta":{"ocean_post_layout":"","ocean_both_sidebars_style":"","ocean_both_sidebars_content_width":0,"ocean_both_sidebars_sidebars_width":0,"ocean_sidebar":"0","ocean_second_sidebar":"0","ocean_disable_margins":"enable","ocean_add_body_class":"","ocean_shortcode_before_top_bar":"","ocean_shortcode_after_top_bar":"","ocean_shortcode_before_header":"","ocean_shortcode_after_header":"","ocean_has_shortcode":"","ocean_shortcode_after_title":"","ocean_shortcode_before_footer_widgets":"","ocean_shortcode_after_footer_widgets":"","ocean_shortcode_before_footer_bottom":"","ocean_shortcode_after_footer_bottom":"","ocean_display_top_bar":"default","ocean_display_header":"default","ocean_header_style":"","ocean_center_header_left_menu":"0","ocean_custom_header_template":"0","ocean_custom_logo":0,"ocean_custom_retina_logo":0,"ocean_custom_logo_max_width":0,"ocean_custom_logo_tablet_max_width":0,"ocean_custom_logo_mobile_max_width":0,"ocean_custom_logo_max_height":0,"ocean_custom_logo_tablet_max_height":0,"ocean_custom_logo_mobile_max_height":0,"ocean_header_custom_menu":"0","ocean_menu_typo_font_family":"0","ocean_menu_typo_font_subset":"","ocean_menu_typo_font_size":0,"ocean_menu_typo_font_size_tablet":0,"ocean_menu_typo_font_size_mobile":0,"ocean_menu_typo_font_size_unit":"px","ocean_menu_typo_font_weight":"","ocean_menu_typo_font_weight_tablet":"","ocean_menu_typo_font_weight_mobile":"","ocean_menu_typo_transform":"","ocean_menu_typo_transform_tablet":"","ocean_menu_typo_transform_mobile":"","ocean_menu_typo_line_height":0,"ocean_menu_typo_line_height_tablet":0,"ocean_menu_typo_line_height_mobile":0,"ocean_menu_typo_line_height_unit":"","ocean_menu_typo_spacing":0,"ocean_menu_typo_spacing_tablet":0,"ocean_menu_typo_spacing_mobile":0,"ocean_menu_typo_spacing_unit":"","ocean_menu_link_color":"","ocean_menu_link_color_hover":"","ocean_menu_link_color_active":"","ocean_menu_link_background":"","ocean_menu_link_hover_background":"","ocean_menu_link_active_background":"","ocean_menu_social_links_bg":"","ocean_menu_social_hover_links_bg":"","ocean_menu_social_links_color":"","ocean_menu_social_hover_links_color":"","ocean_disable_title":"default","ocean_disable_heading":"default","ocean_post_title":"","ocean_post_subheading":"","ocean_post_title_style":"","ocean_post_title_background_color":"","ocean_post_title_background":0,"ocean_post_title_bg_image_position":"","ocean_post_title_bg_image_attachment":"","ocean_post_title_bg_image_repeat":"","ocean_post_title_bg_image_size":"","ocean_post_title_height":0,"ocean_post_title_bg_overlay":0.5,"ocean_post_title_bg_overlay_color":"","ocean_disable_breadcrumbs":"default","ocean_breadcrumbs_color":"","ocean_breadcrumbs_separator_color":"","ocean_breadcrumbs_links_color":"","ocean_breadcrumbs_links_hover_color":"","ocean_display_footer_widgets":"default","ocean_display_footer_bottom":"default","ocean_custom_footer_template":"0"},"product_brand":[],"product_cat":[91,67],"product_tag":[],"class_list":{"0":"post-1948","1":"product","2":"type-product","3":"status-publish","4":"has-post-thumbnail","6":"product_cat-perfect","7":"product_cat-techna-hrana-za-mache","9":"entry","10":"has-media","12":"first","13":"outofstock","14":"taxable","15":"shipping-taxable","16":"purchasable","17":"product-type-simple","18":"col","19":"span_1_of_3","20":"owp-content-center","21":"owp-thumbs-layout-horizontal","22":"owp-btn-normal","23":"owp-tabs-layout-vertical","24":"has-no-thumbnails"},"jetpack_sharing_enabled":true,"_links":{"self":[{"href":"https:\/\/pet-expert.mk\/sq\/wp-json\/wp\/v2\/product\/1948","targetHints":{"allow":["GET"]}}],"collection":[{"href":"https:\/\/pet-expert.mk\/sq\/wp-json\/wp\/v2\/product"}],"about":[{"href":"https:\/\/pet-expert.mk\/sq\/wp-json\/wp\/v2\/types\/product"}],"version-history":[{"count":2,"href":"https:\/\/pet-expert.mk\/sq\/wp-json\/wp\/v2\/product\/1948\/revisions"}],"predecessor-version":[{"id":2626,"href":"https:\/\/pet-expert.mk\/sq\/wp-json\/wp\/v2\/product\/1948\/revisions\/2626"}],"wp:featuredmedia":[{"embeddable":true,"href":"https:\/\/pet-expert.mk\/sq\/wp-json\/wp\/v2\/media\/2627"}],"wp:attachment":[{"href":"https:\/\/pet-expert.mk\/sq\/wp-json\/wp\/v2\/media?parent=1948"}],"wp:term":[{"taxonomy":"product_brand","embeddable":true,"href":"https:\/\/pet-expert.mk\/sq\/wp-json\/wp\/v2\/product_brand?post=1948"},{"taxonomy":"product_cat","embeddable":true,"href":"https:\/\/pet-expert.mk\/sq\/wp-json\/wp\/v2\/product_cat?post=1948"},{"taxonomy":"product_tag","embeddable":true,"href":"https:\/\/pet-expert.mk\/sq\/wp-json\/wp\/v2\/product_tag?post=1948"}],"curies":[{"name":"wp","href":"https:\/\/api.w.org\/{rel}","templated":true}]}}