{"id":1939,"date":"2025-05-26T17:56:00","date_gmt":"2025-05-26T17:56:00","guid":{"rendered":"https:\/\/pet-expert.mk\/?post_type=product&#038;p=1939"},"modified":"2026-02-03T17:52:14","modified_gmt":"2026-02-03T15:52:14","slug":"perfect-%d0%ba%d0%be%d0%bd%d0%b7%d0%b5%d1%80%d0%b2%d0%b0-%d0%b7%d0%b0-%d0%bc%d0%b0%d1%87%d0%ba%d0%b0-%d0%bb%d0%be%d1%81%d0%be%d1%81-400g","status":"publish","type":"product","link":"https:\/\/pet-expert.mk\/sq\/product\/perfect-%d0%ba%d0%be%d0%bd%d0%b7%d0%b5%d1%80%d0%b2%d0%b0-%d0%b7%d0%b0-%d0%bc%d0%b0%d1%87%d0%ba%d0%b0-%d0%bb%d0%be%d1%81%d0%be%d1%81-400g\/","title":{"rendered":"Perfect Konzerv\u00eb p\u00ebr mace me salmon 400g"},"content":{"rendered":"<p><strong data-start=\"69\" data-end=\"82\">P\u00cbRB\u00cbR\u00cbSIT:<\/strong> Mish dhe derivate shtazore (salmon min. 4%), derivate me origjin\u00eb bimore, minerale.<\/p>\n<p class=\"\" data-start=\"77\" data-end=\"255\"><strong data-start=\"77\" data-end=\"89\">P\u00ebrb\u00ebr\u00ebsit<\/strong><br data-start=\"89\" data-end=\"92\" \/>Protein\u00eb e pap\u00ebrpunuar: <strong data-start=\"107\" data-end=\"113\">8%<\/strong><br data-start=\"113\" data-end=\"116\" \/>Yndyr\u00eb e pap\u00ebrpunuar: <strong data-start=\"129\" data-end=\"135\">5%<\/strong><br data-start=\"135\" data-end=\"138\" \/>Hi: <strong data-start=\"145\" data-end=\"151\">3%<\/strong><br data-start=\"151\" data-end=\"154\" \/>Celuloz\u00eb e pap\u00ebrpunuar: <strong data-start=\"171\" data-end=\"179\">0,2%<\/strong><br data-start=\"179\" data-end=\"182\" \/>Lag\u00ebshti: <strong data-start=\"189\" data-end=\"196\">82%<\/strong><br data-start=\"196\" data-end=\"199\" \/>Zink: <strong data-start=\"205\" data-end=\"213\">5 mg<\/strong><br data-start=\"213\" data-end=\"216\" \/>Mangan: <strong data-start=\"224\" data-end=\"234\">2,5 mg<\/strong><br data-start=\"234\" data-end=\"237\" \/>Taurin: <strong data-start=\"245\" data-end=\"255\">250 mg<\/strong><\/p>\n<p class=\"\" data-start=\"257\" data-end=\"342\"><strong data-start=\"257\" data-end=\"269\">Vitamina<\/strong><br data-start=\"269\" data-end=\"272\" \/>Vitamin A: <strong data-start=\"283\" data-end=\"294\">1000 IU<\/strong><br data-start=\"294\" data-end=\"297\" \/>Vitamin D3: <strong data-start=\"309\" data-end=\"319\">100 IU<\/strong><br data-start=\"319\" data-end=\"322\" \/>Vitamin E: <strong data-start=\"333\" data-end=\"342\">10 mg<\/strong><\/p>","protected":false},"excerpt":{"rendered":"<p>\u0421\u041e\u0421\u0422\u041e\u0408\u041a\u0418: \u041c\u0435\u0441\u043e \u0438 \u043f\u0440\u043e\u0438\u0437\u0432\u043e\u0434\u0438 \u043e\u0434 \u0436\u0438\u0432\u043e\u0442\u0438\u043d\u0441\u043a\u043e \u043f\u043e\u0442\u0435\u043a\u043b\u043e (\u043b\u043e\u0441\u043e\u0441 \u043c\u0438\u043d. 4%), \u0440\u0430\u0441\u0442\u0438\u0442\u0435\u043b\u043d\u0438 \u043f\u0440\u043e\u0438\u0437\u0432\u043e\u0434\u0438, \u043c\u0438\u043d\u0435\u0440\u0430\u043b\u0438. \u0421\u043e\u0441\u0442\u043e\u0458\u043a\u0438\u0421\u0443\u0440\u043e\u0432 \u043f\u0440\u043e\u0442\u0435\u0438\u043d: 8%\u0421\u0443\u0440\u043e\u0432\u0430 \u043c\u0430\u0441\u0442: 5%\u041f\u0435\u043f\u0435\u043b: 3%\u0421\u0443\u0440\u043e\u0432\u0430 \u0446\u0435\u043b\u0443\u043b\u043e\u0437\u0430: 0,2%\u0412\u043b\u0430\u0433\u0430: 82%\u0426\u0438\u043d\u043a: 5 mg\u041c\u0430\u043d\u0433\u0430\u043d: 2,5 mg\u0422\u0430\u0443\u0440\u0438\u043d: 250 mg \u0412\u0438\u0442\u0430\u043c\u0438\u043d\u0438\u0412\u0438\u0442\u0430\u043c\u0438\u043d \u0410: 1000 IU\u0412\u0438\u0442\u0430\u043c\u0438\u043d D3: 100 IU\u0412\u0438\u0442\u0430\u043c\u0438\u043d \u0415: 10 mg<\/p>","protected":false},"featured_media":1940,"template":"","meta":{"ocean_post_layout":"","ocean_both_sidebars_style":"","ocean_both_sidebars_content_width":0,"ocean_both_sidebars_sidebars_width":0,"ocean_sidebar":"0","ocean_second_sidebar":"0","ocean_disable_margins":"enable","ocean_add_body_class":"","ocean_shortcode_before_top_bar":"","ocean_shortcode_after_top_bar":"","ocean_shortcode_before_header":"","ocean_shortcode_after_header":"","ocean_has_shortcode":"","ocean_shortcode_after_title":"","ocean_shortcode_before_footer_widgets":"","ocean_shortcode_after_footer_widgets":"","ocean_shortcode_before_footer_bottom":"","ocean_shortcode_after_footer_bottom":"","ocean_display_top_bar":"default","ocean_display_header":"default","ocean_header_style":"","ocean_center_header_left_menu":"0","ocean_custom_header_template":"0","ocean_custom_logo":0,"ocean_custom_retina_logo":0,"ocean_custom_logo_max_width":0,"ocean_custom_logo_tablet_max_width":0,"ocean_custom_logo_mobile_max_width":0,"ocean_custom_logo_max_height":0,"ocean_custom_logo_tablet_max_height":0,"ocean_custom_logo_mobile_max_height":0,"ocean_header_custom_menu":"0","ocean_menu_typo_font_family":"0","ocean_menu_typo_font_subset":"","ocean_menu_typo_font_size":0,"ocean_menu_typo_font_size_tablet":0,"ocean_menu_typo_font_size_mobile":0,"ocean_menu_typo_font_size_unit":"px","ocean_menu_typo_font_weight":"","ocean_menu_typo_font_weight_tablet":"","ocean_menu_typo_font_weight_mobile":"","ocean_menu_typo_transform":"","ocean_menu_typo_transform_tablet":"","ocean_menu_typo_transform_mobile":"","ocean_menu_typo_line_height":0,"ocean_menu_typo_line_height_tablet":0,"ocean_menu_typo_line_height_mobile":0,"ocean_menu_typo_line_height_unit":"","ocean_menu_typo_spacing":0,"ocean_menu_typo_spacing_tablet":0,"ocean_menu_typo_spacing_mobile":0,"ocean_menu_typo_spacing_unit":"","ocean_menu_link_color":"","ocean_menu_link_color_hover":"","ocean_menu_link_color_active":"","ocean_menu_link_background":"","ocean_menu_link_hover_background":"","ocean_menu_link_active_background":"","ocean_menu_social_links_bg":"","ocean_menu_social_hover_links_bg":"","ocean_menu_social_links_color":"","ocean_menu_social_hover_links_color":"","ocean_disable_title":"default","ocean_disable_heading":"default","ocean_post_title":"","ocean_post_subheading":"","ocean_post_title_style":"","ocean_post_title_background_color":"","ocean_post_title_background":0,"ocean_post_title_bg_image_position":"","ocean_post_title_bg_image_attachment":"","ocean_post_title_bg_image_repeat":"","ocean_post_title_bg_image_size":"","ocean_post_title_height":0,"ocean_post_title_bg_overlay":0.5,"ocean_post_title_bg_overlay_color":"","ocean_disable_breadcrumbs":"default","ocean_breadcrumbs_color":"","ocean_breadcrumbs_separator_color":"","ocean_breadcrumbs_links_color":"","ocean_breadcrumbs_links_hover_color":"","ocean_display_footer_widgets":"default","ocean_display_footer_bottom":"default","ocean_custom_footer_template":"0"},"product_brand":[],"product_cat":[91,105,67],"product_tag":[],"class_list":{"0":"post-1939","1":"product","2":"type-product","3":"status-publish","4":"has-post-thumbnail","6":"product_cat-perfect","7":"product_cat-akcija","8":"product_cat-techna-hrana-za-mache","10":"entry","11":"has-media","13":"first","14":"instock","15":"sale","16":"taxable","17":"shipping-taxable","18":"purchasable","19":"product-type-simple","20":"col","21":"span_1_of_3","22":"owp-content-center","23":"owp-thumbs-layout-horizontal","24":"owp-btn-normal","25":"owp-tabs-layout-vertical","26":"has-no-thumbnails"},"jetpack_sharing_enabled":true,"_links":{"self":[{"href":"https:\/\/pet-expert.mk\/sq\/wp-json\/wp\/v2\/product\/1939","targetHints":{"allow":["GET"]}}],"collection":[{"href":"https:\/\/pet-expert.mk\/sq\/wp-json\/wp\/v2\/product"}],"about":[{"href":"https:\/\/pet-expert.mk\/sq\/wp-json\/wp\/v2\/types\/product"}],"version-history":[{"count":2,"href":"https:\/\/pet-expert.mk\/sq\/wp-json\/wp\/v2\/product\/1939\/revisions"}],"predecessor-version":[{"id":4321,"href":"https:\/\/pet-expert.mk\/sq\/wp-json\/wp\/v2\/product\/1939\/revisions\/4321"}],"wp:featuredmedia":[{"embeddable":true,"href":"https:\/\/pet-expert.mk\/sq\/wp-json\/wp\/v2\/media\/1940"}],"wp:attachment":[{"href":"https:\/\/pet-expert.mk\/sq\/wp-json\/wp\/v2\/media?parent=1939"}],"wp:term":[{"taxonomy":"product_brand","embeddable":true,"href":"https:\/\/pet-expert.mk\/sq\/wp-json\/wp\/v2\/product_brand?post=1939"},{"taxonomy":"product_cat","embeddable":true,"href":"https:\/\/pet-expert.mk\/sq\/wp-json\/wp\/v2\/product_cat?post=1939"},{"taxonomy":"product_tag","embeddable":true,"href":"https:\/\/pet-expert.mk\/sq\/wp-json\/wp\/v2\/product_tag?post=1939"}],"curies":[{"name":"wp","href":"https:\/\/api.w.org\/{rel}","templated":true}]}}