{"id":1927,"date":"2025-05-26T12:14:15","date_gmt":"2025-05-26T12:14:15","guid":{"rendered":"https:\/\/pet-expert.mk\/?post_type=product&#038;p=1927"},"modified":"2026-02-03T17:52:14","modified_gmt":"2026-02-03T15:52:14","slug":"perfect-puppy-%d0%ba%d0%be%d0%bd%d0%b7%d0%b5%d1%80%d0%b2%d0%b0-%d0%b7%d0%b0-%d0%ba%d1%83%d1%87%d0%b5-%d1%98%d0%b0%d0%b3%d0%bd%d0%b5%d1%88%d0%ba%d0%be-400g","status":"publish","type":"product","link":"https:\/\/pet-expert.mk\/sq\/product\/perfect-puppy-%d0%ba%d0%be%d0%bd%d0%b7%d0%b5%d1%80%d0%b2%d0%b0-%d0%b7%d0%b0-%d0%ba%d1%83%d1%87%d0%b5-%d1%98%d0%b0%d0%b3%d0%bd%d0%b5%d1%88%d0%ba%d0%be-400g\/","title":{"rendered":"Perfect puppy Konzerv\u00eb p\u00ebr qen me mish qengji 400g"},"content":{"rendered":"<p><strong data-start=\"69\" data-end=\"82\">P\u00cbRB\u00cbR\u00cbSIT:<\/strong>\u00a0Mish dhe produkte t\u00eb mishit (min. 4% mish qengji), produkte bimore, minerale.<\/p>\n<p class=\"\" data-start=\"77\" data-end=\"196\"><strong data-start=\"77\" data-end=\"89\">P\u00ebrb\u00ebr\u00ebsit<\/strong><br data-start=\"89\" data-end=\"92\" \/>Protein\u00eb e pap\u00ebrpunuar:\u00a0<strong data-start=\"107\" data-end=\"113\">7%<\/strong><br data-start=\"113\" data-end=\"116\" \/>Yndyr\u00eb e pap\u00ebrpunuar: <strong>6%<\/strong><br data-start=\"135\" data-end=\"138\" \/>Hi: <strong>2%<\/strong><br data-start=\"151\" data-end=\"154\" \/>Celuloz\u00eb e pap\u00ebrpunuar:\u00a0<strong data-start=\"171\" data-end=\"179\">0,4%<\/strong><br data-start=\"179\" data-end=\"182\" \/>Lag\u00ebshti:\u00a0<strong data-start=\"189\" data-end=\"196\">82%<\/strong><\/p>\n<p class=\"\" data-start=\"198\" data-end=\"281\"><strong data-start=\"198\" data-end=\"210\">Vitamina<\/strong><br data-start=\"210\" data-end=\"213\" \/>Vitamin A:\u00a0<strong data-start=\"224\" data-end=\"234\">1000 IU<\/strong><br data-start=\"234\" data-end=\"237\" \/>Vitamin D3:\u00a0<strong data-start=\"249\" data-end=\"258\">100 IU<\/strong><br data-start=\"258\" data-end=\"261\" \/>Vitamin E:\u00a0<strong data-start=\"272\" data-end=\"281\">13 mg<\/strong><\/p>","protected":false},"excerpt":{"rendered":"<p>\u0421\u041e\u0421\u0422\u041e\u0408\u041a\u0418:\u00a0\u041c\u0435\u0441\u043e \u0438 \u043c\u0435\u0441\u043d\u0438 \u043f\u0440\u043e\u0438\u0437\u0432\u043e\u0434\u0438 (\u043c\u0438\u043d. 4% \u0458\u0430\u0433\u043d\u0435\u0448\u043a\u043e \u043c\u0435\u0441\u043e), \u0440\u0430\u0441\u0442\u0438\u0442\u0435\u043b\u043d\u0438 \u043f\u0440\u043e\u0438\u0437\u0432\u043e\u0434\u0438, \u043c\u0438\u043d\u0435\u0440\u0430\u043b\u0438. \u0421\u043e\u0441\u0442\u043e\u0458\u043a\u0438\u0421\u0443\u0440\u043e\u0432 \u043f\u0440\u043e\u0442\u0435\u0438\u043d:\u00a07%\u0421\u0443\u0440\u043e\u0432\u0430 \u043c\u0430\u0441\u0442: 6%\u041f\u0435\u043f\u0435\u043b: 2%\u0421\u0443\u0440\u043e\u0432\u0430 \u0446\u0435\u043b\u0443\u043b\u043e\u0437\u0430:\u00a00,4%\u0412\u043b\u0430\u0433\u0430:\u00a082% \u0412\u0438\u0442\u0430\u043c\u0438\u043d\u0438\u0412\u0438\u0442\u0430\u043c\u0438\u043d \u0410:\u00a01000 IU\u0412\u0438\u0442\u0430\u043c\u0438\u043d D3:\u00a0100 IU\u0412\u0438\u0442\u0430\u043c\u0438\u043d \u0415:\u00a013 mg<\/p>","protected":false},"featured_media":1928,"template":"","meta":{"ocean_post_layout":"","ocean_both_sidebars_style":"","ocean_both_sidebars_content_width":0,"ocean_both_sidebars_sidebars_width":0,"ocean_sidebar":"0","ocean_second_sidebar":"0","ocean_disable_margins":"enable","ocean_add_body_class":"","ocean_shortcode_before_top_bar":"","ocean_shortcode_after_top_bar":"","ocean_shortcode_before_header":"","ocean_shortcode_after_header":"","ocean_has_shortcode":"","ocean_shortcode_after_title":"","ocean_shortcode_before_footer_widgets":"","ocean_shortcode_after_footer_widgets":"","ocean_shortcode_before_footer_bottom":"","ocean_shortcode_after_footer_bottom":"","ocean_display_top_bar":"default","ocean_display_header":"default","ocean_header_style":"","ocean_center_header_left_menu":"0","ocean_custom_header_template":"0","ocean_custom_logo":0,"ocean_custom_retina_logo":0,"ocean_custom_logo_max_width":0,"ocean_custom_logo_tablet_max_width":0,"ocean_custom_logo_mobile_max_width":0,"ocean_custom_logo_max_height":0,"ocean_custom_logo_tablet_max_height":0,"ocean_custom_logo_mobile_max_height":0,"ocean_header_custom_menu":"0","ocean_menu_typo_font_family":"0","ocean_menu_typo_font_subset":"","ocean_menu_typo_font_size":0,"ocean_menu_typo_font_size_tablet":0,"ocean_menu_typo_font_size_mobile":0,"ocean_menu_typo_font_size_unit":"px","ocean_menu_typo_font_weight":"","ocean_menu_typo_font_weight_tablet":"","ocean_menu_typo_font_weight_mobile":"","ocean_menu_typo_transform":"","ocean_menu_typo_transform_tablet":"","ocean_menu_typo_transform_mobile":"","ocean_menu_typo_line_height":0,"ocean_menu_typo_line_height_tablet":0,"ocean_menu_typo_line_height_mobile":0,"ocean_menu_typo_line_height_unit":"","ocean_menu_typo_spacing":0,"ocean_menu_typo_spacing_tablet":0,"ocean_menu_typo_spacing_mobile":0,"ocean_menu_typo_spacing_unit":"","ocean_menu_link_color":"","ocean_menu_link_color_hover":"","ocean_menu_link_color_active":"","ocean_menu_link_background":"","ocean_menu_link_hover_background":"","ocean_menu_link_active_background":"","ocean_menu_social_links_bg":"","ocean_menu_social_hover_links_bg":"","ocean_menu_social_links_color":"","ocean_menu_social_hover_links_color":"","ocean_disable_title":"default","ocean_disable_heading":"default","ocean_post_title":"","ocean_post_subheading":"","ocean_post_title_style":"","ocean_post_title_background_color":"","ocean_post_title_background":0,"ocean_post_title_bg_image_position":"","ocean_post_title_bg_image_attachment":"","ocean_post_title_bg_image_repeat":"","ocean_post_title_bg_image_size":"","ocean_post_title_height":0,"ocean_post_title_bg_overlay":0.5,"ocean_post_title_bg_overlay_color":"","ocean_disable_breadcrumbs":"default","ocean_breadcrumbs_color":"","ocean_breadcrumbs_separator_color":"","ocean_breadcrumbs_links_color":"","ocean_breadcrumbs_links_hover_color":"","ocean_display_footer_widgets":"default","ocean_display_footer_bottom":"default","ocean_custom_footer_template":"0"},"product_brand":[],"product_cat":[91,105,51],"product_tag":[],"class_list":{"0":"post-1927","1":"product","2":"type-product","3":"status-publish","4":"has-post-thumbnail","6":"product_cat-perfect","7":"product_cat-akcija","8":"product_cat-puppy-junior","10":"entry","11":"has-media","13":"first","14":"instock","15":"sale","16":"taxable","17":"shipping-taxable","18":"purchasable","19":"product-type-simple","20":"col","21":"span_1_of_3","22":"owp-content-center","23":"owp-thumbs-layout-horizontal","24":"owp-btn-normal","25":"owp-tabs-layout-vertical","26":"has-no-thumbnails"},"jetpack_sharing_enabled":true,"_links":{"self":[{"href":"https:\/\/pet-expert.mk\/sq\/wp-json\/wp\/v2\/product\/1927","targetHints":{"allow":["GET"]}}],"collection":[{"href":"https:\/\/pet-expert.mk\/sq\/wp-json\/wp\/v2\/product"}],"about":[{"href":"https:\/\/pet-expert.mk\/sq\/wp-json\/wp\/v2\/types\/product"}],"version-history":[{"count":1,"href":"https:\/\/pet-expert.mk\/sq\/wp-json\/wp\/v2\/product\/1927\/revisions"}],"predecessor-version":[{"id":1929,"href":"https:\/\/pet-expert.mk\/sq\/wp-json\/wp\/v2\/product\/1927\/revisions\/1929"}],"wp:featuredmedia":[{"embeddable":true,"href":"https:\/\/pet-expert.mk\/sq\/wp-json\/wp\/v2\/media\/1928"}],"wp:attachment":[{"href":"https:\/\/pet-expert.mk\/sq\/wp-json\/wp\/v2\/media?parent=1927"}],"wp:term":[{"taxonomy":"product_brand","embeddable":true,"href":"https:\/\/pet-expert.mk\/sq\/wp-json\/wp\/v2\/product_brand?post=1927"},{"taxonomy":"product_cat","embeddable":true,"href":"https:\/\/pet-expert.mk\/sq\/wp-json\/wp\/v2\/product_cat?post=1927"},{"taxonomy":"product_tag","embeddable":true,"href":"https:\/\/pet-expert.mk\/sq\/wp-json\/wp\/v2\/product_tag?post=1927"}],"curies":[{"name":"wp","href":"https:\/\/api.w.org\/{rel}","templated":true}]}}