{"id":1909,"date":"2025-05-26T09:23:03","date_gmt":"2025-05-26T09:23:03","guid":{"rendered":"https:\/\/pet-expert.mk\/?post_type=product&#038;p=1909"},"modified":"2026-01-02T10:54:34","modified_gmt":"2026-01-02T08:54:34","slug":"perfect-adult-sterilized-%d1%81%d0%be-%d0%bb%d0%be%d1%81%d0%be%d1%81","status":"publish","type":"product","link":"https:\/\/pet-expert.mk\/sq\/product\/perfect-adult-sterilized-%d1%81%d0%be-%d0%bb%d0%be%d1%81%d0%be%d1%81\/","title":{"rendered":"Perfect Adult Sterilised me Salmon"},"content":{"rendered":"<p><strong data-start=\"69\" data-end=\"82\">P\u00cbRB\u00cbR\u00cbSIT:<\/strong> Salmon dhe peshk deti i that\u00eb dhe i fresk\u00ebt (30%), oriz i kaft\u00eb, bizele, qiqra, patate, yndyr\u00eb pule e rafinuar, miell sardeleje, maja birre, m\u00ebl\u00e7i pule e hidrolizuar, vaj sardeleje, protein\u00eb majaje me nukleotide, minerale, oligosakaride manani (prebiotike), alga deti, pluhur rr\u00ebnje shafrani, kungull, karrot\u00eb, sheg\u00eb, quinoa, ekstrakt juka, psilium.<\/p>\n<p class=\"\" data-start=\"72\" data-end=\"231\"><strong data-start=\"72\" data-end=\"84\">P\u00ebrb\u00ebr\u00ebsit<\/strong><br data-start=\"84\" data-end=\"87\" \/>Protein\u00eb e pap\u00ebrpunuar: <strong data-start=\"102\" data-end=\"109\">34%<\/strong><br data-start=\"109\" data-end=\"112\" \/>Yndyr\u00eb e pap\u00ebrpunuar: <strong data-start=\"125\" data-end=\"132\">12%<\/strong><br data-start=\"132\" data-end=\"135\" \/>Hi: <strong data-start=\"142\" data-end=\"148\">8%<\/strong><br data-start=\"148\" data-end=\"151\" \/>Celuloz\u00eb e pap\u00ebrpunuar: <strong data-start=\"168\" data-end=\"174\">3%<\/strong><br data-start=\"174\" data-end=\"177\" \/>Lag\u00ebshti: <strong data-start=\"184\" data-end=\"190\">8%<\/strong><br data-start=\"190\" data-end=\"193\" \/>Omega 6: <strong data-start=\"202\" data-end=\"210\">3,6%<\/strong><br data-start=\"210\" data-end=\"213\" \/>Omega 3: <strong data-start=\"222\" data-end=\"231\">0,65%<\/strong><\/p>\n<p class=\"\" data-start=\"233\" data-end=\"369\"><strong data-start=\"233\" data-end=\"245\">Vitamina<\/strong><br data-start=\"245\" data-end=\"248\" \/>Vitamin A: <strong data-start=\"259\" data-end=\"272\">25.000 IU<\/strong><br data-start=\"272\" data-end=\"275\" \/>Vitamin D3: <strong data-start=\"287\" data-end=\"299\">1.500 IU<\/strong><br data-start=\"299\" data-end=\"302\" \/>Vitamin E: <strong data-start=\"313\" data-end=\"323\">150 mg<\/strong><br data-start=\"323\" data-end=\"326\" \/>Vitamin C: <strong data-start=\"337\" data-end=\"346\">25 mg<\/strong><br data-start=\"346\" data-end=\"349\" \/>Taurin: <strong data-start=\"357\" data-end=\"369\">1.800 mg<\/strong><\/p>","protected":false},"excerpt":{"rendered":"<p>\u0421\u041e\u0421\u0422\u041e\u0408\u041a\u0418: \u0421\u0443\u0448\u0435\u043d\u0430 \u0438 \u0441\u0432\u0435\u0436\u0430 \u043b\u043e\u0441\u043e\u0441 \u0438 \u043c\u043e\u0440\u0441\u043a\u0430 \u0440\u0438\u0431\u0430 (30%), \u043a\u0430\u0444\u0435\u0430\u0432 \u043e\u0440\u0438\u0437, \u0433\u0440\u0430\u0448\u043e\u043a, \u043d\u0430\u0443\u0442, \u043a\u043e\u043c\u043f\u0438\u0440\u0438, \u0440\u0430\u0444\u0438\u043d\u0438\u0440\u0430\u043d\u0430 \u043f\u0438\u043b\u0435\u0448\u043a\u0430 \u043c\u0430\u0441\u0442, \u0431\u0440\u0430\u0448\u043d\u043e \u043e\u0434 \u0438\u043d\u0447\u0443\u043d\u0438, \u043f\u0438\u0432\u0441\u043a\u0438 \u043a\u0432\u0430\u0441\u0435\u0446, \u0445\u0438\u0434\u0440\u043e\u043b\u0438\u0437\u0438\u0440\u0430\u043d \u043f\u0438\u043b\u0435\u0448\u043a\u0438 \u045f\u0438\u0433\u0435\u0440, \u043c\u0430\u0441\u043b\u043e \u043e\u0434 \u0438\u043d\u0447\u0443\u043d\u0438, \u043f\u0440\u043e\u0442\u0435\u0438\u043d \u043e\u0434 \u043a\u0432\u0430\u0441\u0435\u0446 \u0441\u043e \u043d\u0443\u043a\u043b\u0435\u043e\u0442\u0438\u0434\u0438, \u043c\u0438\u043d\u0435\u0440\u0430\u043b\u0438, \u043f\u0440\u0435\u0431\u0438\u043e\u0442\u0438\u043a \u043c\u0430\u043d\u0430\u043d \u043e\u043b\u0438\u0433\u043e\u0441\u0430\u0445\u0430\u0440\u0438\u0434\u0438, \u043c\u043e\u0440\u0441\u043a\u0430 \u0442\u0440\u0435\u0432\u0430, \u043f\u0440\u0430\u0432 \u043e\u0434 \u043a\u043e\u0440\u0435\u043d \u043e\u0434 \u043a\u0443\u0440\u043a\u0443\u043c\u0430, \u0442\u0438\u043a\u0432\u0430, \u043c\u043e\u0440\u043a\u043e\u0432, \u043a\u0430\u043b\u0438\u043d\u043a\u0430, \u043a\u0438\u043d\u043e\u0430, \u0458\u0443\u043a\u0430 \u0435\u043a\u0441\u0442\u0440\u0430\u043a\u0442, \u043f\u0441\u0438\u043b\u0438\u0443\u043c. \u0421\u043e\u0441\u0442\u043e\u0458\u043a\u0438\u0421\u0443\u0440\u043e\u0432 \u043f\u0440\u043e\u0442\u0435\u0438\u043d: 34%\u0421\u0443\u0440\u043e\u0432\u0430 \u043c\u0430\u0441\u0442: [&hellip;]<\/p>\n","protected":false},"featured_media":1910,"template":"","meta":{"ocean_post_layout":"","ocean_both_sidebars_style":"","ocean_both_sidebars_content_width":0,"ocean_both_sidebars_sidebars_width":0,"ocean_sidebar":"0","ocean_second_sidebar":"0","ocean_disable_margins":"enable","ocean_add_body_class":"","ocean_shortcode_before_top_bar":"","ocean_shortcode_after_top_bar":"","ocean_shortcode_before_header":"","ocean_shortcode_after_header":"","ocean_has_shortcode":"","ocean_shortcode_after_title":"","ocean_shortcode_before_footer_widgets":"","ocean_shortcode_after_footer_widgets":"","ocean_shortcode_before_footer_bottom":"","ocean_shortcode_after_footer_bottom":"","ocean_display_top_bar":"default","ocean_display_header":"default","ocean_header_style":"","ocean_center_header_left_menu":"0","ocean_custom_header_template":"0","ocean_custom_logo":0,"ocean_custom_retina_logo":0,"ocean_custom_logo_max_width":0,"ocean_custom_logo_tablet_max_width":0,"ocean_custom_logo_mobile_max_width":0,"ocean_custom_logo_max_height":0,"ocean_custom_logo_tablet_max_height":0,"ocean_custom_logo_mobile_max_height":0,"ocean_header_custom_menu":"0","ocean_menu_typo_font_family":"0","ocean_menu_typo_font_subset":"","ocean_menu_typo_font_size":0,"ocean_menu_typo_font_size_tablet":0,"ocean_menu_typo_font_size_mobile":0,"ocean_menu_typo_font_size_unit":"px","ocean_menu_typo_font_weight":"","ocean_menu_typo_font_weight_tablet":"","ocean_menu_typo_font_weight_mobile":"","ocean_menu_typo_transform":"","ocean_menu_typo_transform_tablet":"","ocean_menu_typo_transform_mobile":"","ocean_menu_typo_line_height":0,"ocean_menu_typo_line_height_tablet":0,"ocean_menu_typo_line_height_mobile":0,"ocean_menu_typo_line_height_unit":"","ocean_menu_typo_spacing":0,"ocean_menu_typo_spacing_tablet":0,"ocean_menu_typo_spacing_mobile":0,"ocean_menu_typo_spacing_unit":"","ocean_menu_link_color":"","ocean_menu_link_color_hover":"","ocean_menu_link_color_active":"","ocean_menu_link_background":"","ocean_menu_link_hover_background":"","ocean_menu_link_active_background":"","ocean_menu_social_links_bg":"","ocean_menu_social_hover_links_bg":"","ocean_menu_social_links_color":"","ocean_menu_social_hover_links_color":"","ocean_disable_title":"default","ocean_disable_heading":"default","ocean_post_title":"","ocean_post_subheading":"","ocean_post_title_style":"","ocean_post_title_background_color":"","ocean_post_title_background":0,"ocean_post_title_bg_image_position":"","ocean_post_title_bg_image_attachment":"","ocean_post_title_bg_image_repeat":"","ocean_post_title_bg_image_size":"","ocean_post_title_height":0,"ocean_post_title_bg_overlay":0.5,"ocean_post_title_bg_overlay_color":"","ocean_disable_breadcrumbs":"default","ocean_breadcrumbs_color":"","ocean_breadcrumbs_separator_color":"","ocean_breadcrumbs_links_color":"","ocean_breadcrumbs_links_hover_color":"","ocean_display_footer_widgets":"default","ocean_display_footer_bottom":"default","ocean_custom_footer_template":"0"},"product_brand":[],"product_cat":[91,66],"product_tag":[],"class_list":{"0":"post-1909","1":"product","2":"type-product","3":"status-publish","4":"has-post-thumbnail","6":"product_cat-perfect","7":"product_cat-sterilised","9":"entry","10":"has-media","12":"first","13":"instock","14":"taxable","15":"shipping-taxable","16":"purchasable","17":"product-type-variable","18":"col","19":"span_1_of_3","20":"owp-content-center","21":"owp-thumbs-layout-horizontal","22":"owp-btn-normal","23":"owp-tabs-layout-vertical","24":"has-no-thumbnails"},"jetpack_sharing_enabled":true,"_links":{"self":[{"href":"https:\/\/pet-expert.mk\/sq\/wp-json\/wp\/v2\/product\/1909","targetHints":{"allow":["GET"]}}],"collection":[{"href":"https:\/\/pet-expert.mk\/sq\/wp-json\/wp\/v2\/product"}],"about":[{"href":"https:\/\/pet-expert.mk\/sq\/wp-json\/wp\/v2\/types\/product"}],"version-history":[{"count":2,"href":"https:\/\/pet-expert.mk\/sq\/wp-json\/wp\/v2\/product\/1909\/revisions"}],"predecessor-version":[{"id":4638,"href":"https:\/\/pet-expert.mk\/sq\/wp-json\/wp\/v2\/product\/1909\/revisions\/4638"}],"wp:featuredmedia":[{"embeddable":true,"href":"https:\/\/pet-expert.mk\/sq\/wp-json\/wp\/v2\/media\/1910"}],"wp:attachment":[{"href":"https:\/\/pet-expert.mk\/sq\/wp-json\/wp\/v2\/media?parent=1909"}],"wp:term":[{"taxonomy":"product_brand","embeddable":true,"href":"https:\/\/pet-expert.mk\/sq\/wp-json\/wp\/v2\/product_brand?post=1909"},{"taxonomy":"product_cat","embeddable":true,"href":"https:\/\/pet-expert.mk\/sq\/wp-json\/wp\/v2\/product_cat?post=1909"},{"taxonomy":"product_tag","embeddable":true,"href":"https:\/\/pet-expert.mk\/sq\/wp-json\/wp\/v2\/product_tag?post=1909"}],"curies":[{"name":"wp","href":"https:\/\/api.w.org\/{rel}","templated":true}]}}