{"id":3,"date":"2025-03-14T11:00:45","date_gmt":"2025-03-14T11:00:45","guid":{"rendered":"https:\/\/pet-expert.mk\/?page_id=3"},"modified":"2025-08-05T11:07:02","modified_gmt":"2025-08-05T09:07:02","slug":"privacy-policy","status":"publish","type":"page","link":"https:\/\/pet-expert.mk\/sq\/privacy-policy\/","title":{"rendered":"Kushtet e p\u00ebrdorimit"},"content":{"rendered":"<h2 class=\"wp-block-heading\">Kushtet e p\u00ebrdorimit<\/h2>\n\n\n\n<p>Mir\u00eb se vini n\u00eb pet-expert.mk Ju lutemi lexoni me kujdes Kushtet e P\u00ebrgjithshme t\u00eb P\u00ebrdorimit, Politik\u00ebn e Privat\u00ebsis\u00eb dhe Politik\u00ebn e dor\u00ebzimit para se t\u00eb filloni t\u00eb p\u00ebrdorni dyqanin online. Duke p\u00ebrdorur dyqanin online pet-expert.mk dhe duke bler\u00eb produkte, ju pranoni dhe jeni t\u00eb detyruar t'i zbatoni ato. N\u00eb qoft\u00eb se keni ndonj\u00eb pyetje, ju lutemi t\u00eb na kontaktoni.<br>&nbsp;<\/p>\n\n\n\n<h2 class=\"wp-block-heading\">E drejta e autorit, marka tregtare dhe pron\u00ebsia intelektuale<\/h2>\n\n\n\n<p>T\u00eb gjitha materialet n\u00eb k\u00ebt\u00eb faqe interneti jan\u00eb pron\u00eb e Pet Expert ShPK NJP, pronari i pet-expert.mk. \u00c7do kopjim, shp\u00ebrndarje, transmetim ose modifikim dhe p\u00ebrdorim i materialeve nga kjo faqe interneti pa lejen e shprehur me shkrim t\u00eb Pet Expert ShPK NJP \u00ebsht\u00eb rrept\u00ebsisht i ndaluar. \u00c7do shkelje e k\u00ebsaj politike mund t\u00eb rezultoj\u00eb n\u00eb shkelje t\u00eb t\u00eb drejtave t\u00eb autorit, mark\u00ebs tregtare ose t\u00eb drejtave t\u00eb tjera t\u00eb pron\u00ebsis\u00eb intelektuale dhe mund ta n\u00ebnshtroj\u00eb p\u00ebrdoruesin ndaj p\u00ebrgjegj\u00ebsis\u00eb civile ose penale.<br>&nbsp;<\/p>\n\n\n\n<h2 class=\"wp-block-heading\">Mbrojtja e t\u00eb dh\u00ebnave personale<\/h2>\n\n\n\n<p>Mbrojtja e t\u00eb dh\u00ebnave personale t\u00eb p\u00ebrdoruesit p\u00ebrshkruhet m\u00eb holl\u00ebsisht n\u00eb Politik\u00ebn e Mbrojtjes s\u00eb t\u00eb Dh\u00ebnave Personale.&nbsp;<br>&nbsp;<\/p>\n\n\n\n<h2 class=\"wp-block-heading\">Blerje n\u00ebp\u00ebrmjet pet-expert.mk<\/h2>\n\n\n\n<h4 class=\"wp-block-heading\">1.    P\u00cbRSHKRIMI I PRODUKTIT DHE FOTO<\/h4>\n\n\n\n<p>P\u00ebr t\u00eb gjitha produktet e shitura p\u00ebrmes pet-exert.mk, \u00ebsht\u00eb b\u00ebr\u00eb nj\u00eb p\u00ebrpjekje p\u00ebr t'i p\u00ebrshkruar ato sa m\u00eb af\u00ebr dhe sakt\u00eb q\u00eb \u00ebsht\u00eb mundur. Fotografit\u00eb p\u00ebrshkruajn\u00eb produktet dhe paketimin aktual dhe jan\u00eb pron\u00eb e Pet Expert SHPK NJP Skopje.<br>&nbsp;<\/p>\n\n\n\n<h4 class=\"wp-block-heading\">2.    \u00c7MIMET<\/h4>\n\n\n\n<p>T\u00eb gjitha \u00e7mimet n\u00eb faqen e internetit jan\u00eb t\u00eb shprehura n\u00eb denar\u00eb dhe p\u00ebrfshijn\u00eb kostot e produktit dhe paketimit. Kostot e d\u00ebrges\u00ebs n\u00eb adres\u00ebn e sht\u00ebpis\u00eb jan\u00eb t\u00eb deklaruara ve\u00e7mas dhe varen nga koha dhe vendi i d\u00ebrges\u00ebs, dhe n\u00eb rast t\u00eb nj\u00eb promocioni\/aksioni ato mund t\u00eb jen\u00eb 0.00 denar\u00eb, pra d\u00ebrges\u00eb falas.&nbsp;<br>\u0426\u0435\u043d\u0438\u0442\u0435 \u043c\u043e\u0436\u0435 \u0434\u0430 \u0432\u0430\u0440\u0438\u0440\u0430\u0430\u0442 \u0432\u043e \u0437\u0430\u0432\u0438\u0441\u043d\u043e\u0441\u0442 \u043e\u0434 \u043f\u0440\u043e\u043c\u0435\u043d\u0438\u0442\u0435 \u043d\u0430 \u0446\u0435\u043d\u0438\u0442\u0435 \u043d\u0430 \u043f\u0430\u0437\u0430\u0440\u043e\u0442 \u0438 \u043d\u0430\u0431\u0430\u0432\u043d\u0438\u0442\u0435 \u0446\u0435\u043d\u0438 \u043d\u0430 \u043f\u0440\u043e\u0438\u0437\u0432\u043e\u0434\u0438\u0442\u0435.<br>&nbsp;<\/p>\n\n\n\n<h4 class=\"wp-block-heading\">3.    DISPONUESHM\u00cbRIA<\/h4>\n\n\n\n<p>Ne b\u00ebjm\u00eb \u00e7mos q\u00eb t\u00eb gjitha produktet q\u00eb shiten p\u00ebrmes pet-expert.mk t\u00eb jen\u00eb n\u00eb magazin\u00eb, por nuk garantojm\u00eb q\u00eb nj\u00eb produkt i caktuar do t\u00eb jet\u00eb gjithmon\u00eb i disponuesh\u00ebm.<\/p>\n\n\n\n<p>Ju lutemi q\u00eb t\u00eb keni parasysh se ka mund\u00ebsi q\u00eb disa produkte t\u00eb mos jen\u00eb t\u00eb disponueshme n\u00eb koh\u00ebn kur porosisni. N\u00eb nj\u00eb rast t\u00eb till\u00eb, ne propozojm\u00eb q\u00eb produkti me karakteristikat m\u00eb t\u00eb ngjashme me at\u00eb t\u00eb porositur (me vler\u00eb t\u00eb barabart\u00eb ose m\u00eb t\u00eb madhe) t\u00eb z\u00ebvend\u00ebsohet, ekskluzivisht me p\u00eblqimin tuaj. N\u00eb rast se produkti \u00ebsht\u00eb paguar dhe ju nuk d\u00ebshironi nj\u00eb produkt z\u00ebvend\u00ebsues, fondet do t'ju rimbursohen nga Pet Expert SHPK NJP.<br>&nbsp;<\/p>\n\n\n\n<h4 class=\"wp-block-heading\">4.     PROCEDURA E POROSIS\u00cb S\u00cb PRODUKTIT<\/h4>\n\n\n\n<p>Hapi 1: Zgjidhni nj\u00eb produkt<br>Hapi 2: Zgjidhni nga opsionet e dh\u00ebna t\u00eb madh\u00ebsis\u00eb s\u00eb thesit \/ ushqyesit \/ zinxhirit \/ sht\u00ebpis\u00eb<br>Hapi 3: Zgjidhni sasin\u00eb<br>Hapi 4: Klikoni butonin \"Shto n\u00eb shport\u00eb\" dhe produkti shtohet n\u00eb shport\u00ebn tuaj.<br>Hapi 5: Kontrolloni bilancin n\u00eb shport\u00ebn tuaj dhe n\u00ebse gjith\u00e7ka \u00ebsht\u00eb n\u00eb rregull, klikoni butonin \"vazhdoni me pages\u00ebn\" ose n\u00ebse d\u00ebshironi t\u00eb vazhdoni blerjen e produkteve t\u00eb tjera, klikoni butonin \"vazhdoni blerjet\".<br>Hapi 6: Vendosni t\u00eb dh\u00ebnat tuaja n\u00eb fush\u00ebn \"T\u00eb dh\u00ebnat e bler\u00ebsit\". N\u00ebse bler\u00ebsi \u00ebsht\u00eb i nj\u00ebjti person me marr\u00ebsin, sh\u00ebnoni kutin\u00eb \"A \u00ebsht\u00eb marr\u00ebsi i nj\u00ebjti person me bler\u00ebsin?\" dhe t\u00eb dh\u00ebnat do t\u00eb plot\u00ebsohen automatikisht p\u00ebr marr\u00ebsin. N\u00ebse marr\u00ebsi \u00ebsht\u00eb nj\u00eb person tjet\u00ebr, futni t\u00eb dh\u00ebnat e tij n\u00eb fush\u00ebn \"T\u00eb dh\u00ebnat e marr\u00ebsit\".<br>Hapi 7: Zgjidhni dat\u00ebn kur d\u00ebshironi t\u00eb b\u00ebhet dor\u00ebzimi. Sistemi do t'ju sugjeroj\u00eb dat\u00ebn e par\u00eb t\u00eb mundshme t\u00eb dor\u00ebzimit n\u00eb vendin tuaj t\u00eb banimit.&nbsp;&nbsp;<br>Hapi 8: Sh\u00ebnoni kutin\u00eb \"Pajtohem me kushtet dhe rregullat e blerjes\" dhe klikoni butonin \"Blej\".<br>Hapi 9: Vendosni t\u00eb dh\u00ebnat e kart\u00ebs suaj t\u00eb pages\u00ebs p\u00ebr t\u00eb p\u00ebrfunduar pages\u00ebn.<br>Hapi 10: Pasi t\u00eb kryeni pages\u00ebn, do t\u00eb merrni nj\u00eb mesazh \"TRANSAKSION I SUKSESSH\u00cbM\" dhe konfirmimin e porosis\u00eb suaj n\u00eb adres\u00ebn e email-it q\u00eb keni dh\u00ebn\u00eb p\u00ebr kontakt.<br>*** N\u00ebse nuk merrni nj\u00eb konfirmim p\u00ebr \"TRANSAKSION T\u00cb SUKSESSH\u00cbM\", kjo do t\u00eb thot\u00eb se ka pasur nj\u00eb problem me porosin\u00eb dhe ajo nuk \u00ebsht\u00eb realizuar. N\u00eb k\u00ebt\u00eb rast, sigurohuni q\u00eb nuk i keni ndryshuar numrat kur futni t\u00eb dh\u00ebnat e kart\u00ebs suaj t\u00eb pages\u00ebs, kontrolloni statusin e kart\u00ebs suaj t\u00eb pages\u00ebs dhe provoni ta b\u00ebni p\u00ebrs\u00ebri porosin\u00eb. N\u00ebse keni nevoj\u00eb p\u00ebr ndihm\u00eb, ju lutemi na kontaktoni n\u00eb numrin e telefonit 076\/563-651 ose na d\u00ebrgoni email n\u00eb shop.petexpert@gmail.com<\/p>\n\n\n\n<h4 class=\"wp-block-heading\">5.     PAGESA<\/h4>\n\n\n\n<p>Ju mund t\u00eb b\u00ebni pages\u00ebn p\u00ebr porosin\u00eb tuaj me:<\/p>\n\n\n\n<p>Kart\u00eb pagese (MasterCard, Maestro, Visa, Diners Club) \u2013 Transaksioni gjat\u00eb pages\u00ebs p\u00ebr produktin ridrejtohet dhe p\u00ebrpunohet p\u00ebrmes portalit t\u00eb pagesave me kart\u00eb pagese t\u00eb NLB Tutunska Banka. Portali p\u00ebrdor t\u00eb gjitha masat organizative dhe teknike m\u00eb t\u00eb fundit p\u00ebr mbrojtjen e t\u00eb dh\u00ebnave dhe t\u00eb gjitha proceset zhvillohen p\u00ebrmes nj\u00eb lidhjeje t\u00eb sigurt me bank\u00ebn.<\/p>\n\n\n\n<p>P\u00ebr \u00e7do porosi dhe pages\u00eb t\u00eb suksesshme, nj\u00eb fatur\u00eb elektronike do t\u00eb d\u00ebrgohet n\u00eb adres\u00ebn e email-it q\u00eb keni dh\u00ebn\u00eb p\u00ebr kontakt.<br>&nbsp;<\/p>\n\n\n\n<h4 class=\"wp-block-heading\">6. DOR\u00cbZIMI<\/h4>\n\n\n\n<p>pet-expert.mk b\u00ebn d\u00ebrgesa n\u00eb t\u00eb gjith\u00eb territotin e vendit dhe ka n\u00ebnshkruar nj\u00eb marr\u00ebveshje bashk\u00ebpunimi me disa operator\u00eb p\u00ebr d\u00ebrgimin e pakove. Produktet e porositura do t\u00eb d\u00ebrgohen n\u00eb adres\u00ebn q\u00eb e keni specifikuar si adres\u00eb d\u00ebrgimi. Dor\u00ebzimi i porosis\u00eb suaj ka nj\u00eb \u00e7mim t\u00eb caktuar n\u00eb var\u00ebsi t\u00eb koh\u00ebs dhe vendit t\u00eb d\u00ebrgimit dhe ndonj\u00ebher\u00eb \u00ebsht\u00eb 0.00 den. ose falas, kur ka nj\u00eb promocion\/aksion p\u00ebr produkte t\u00eb caktuara.&nbsp;<br><br>\u00c7mimi aktual i transportit \u00ebsht\u00eb listuar n\u00eb m\u00ebnyr\u00eb transparente si nj\u00eb artikull i ve\u00e7ant\u00eb n\u00eb shum\u00ebn totale gjat\u00eb blerjes:<\/p>\n\n\n\n<ul class=\"wp-block-list\">\n<li>p\u00ebr t\u00eb gjitha porosit\u00eb n\u00eb shum\u00ebn totale\u00a0<strong>deri 1.850den<\/strong>. \u00e7mimi p\u00ebr d\u00ebrges\u00eb n\u00eb t\u00eb gjith\u00eb territorin e vendit \u00ebsht\u00eb\u00a0<strong>150 den<\/strong>.<\/li>\n\n\n\n<li>p\u00ebr t\u00eb gjitha porosit\u00eb n\u00eb shum\u00ebn totale\u00a0<strong>mbi 1.850den<\/strong>. \u00e7mimi p\u00ebr d\u00ebrges\u00eb n\u00eb t\u00eb gjith\u00eb territorin e vendit \u00ebsht\u00eb\u00a0<strong>0,00 den<\/strong>, dometh\u00ebn\u00eb\u00a0<strong>d\u00ebrgesa \u00ebsht\u00eb falas<\/strong>.\u00a0<\/li>\n<\/ul>\n\n\n\n<p><br>D\u00ebrgesat kryhen n\u00eb t\u00eb gjith\u00eb territorin e vendit nga e h\u00ebna n\u00eb t\u00eb premte, si m\u00eb posht\u00eb:<br><br>n\u00eb territotin&nbsp;<strong>e<\/strong>&nbsp;<strong>Shkupit dhe rethin\u00ebs<\/strong>:<\/p>\n\n\n\n<ul class=\"wp-block-list\">\n<li>Dita tjet\u00ebr e pun\u00ebs - p\u00ebr t\u00eb gjitha porosit\u00eb e b\u00ebra dit\u00ebn e m\u00ebparshme t\u00eb pun\u00ebs deri n\u00eb or\u00ebn 14:00<\/li>\n<\/ul>\n\n\n\n<p>N\u00eb territorin&nbsp;<strong>jasht\u00eb Shkupit<\/strong><\/p>\n\n\n\n<ul class=\"wp-block-list\">\n<li>sipas planit t\u00eb dor\u00ebzimit t\u00eb operatorit postar<\/li>\n<\/ul>\n\n\n\n<p>Keni parasysh se nuk b\u00ebjm\u00eb dor\u00ebzim t\u00eb shtunave, t\u00eb dielave dhe festave zyrtare sepse edhe furnizuesit tan\u00eb nuk punojn\u00eb, k\u00ebshtu q\u00eb i p\u00ebrdorim dhe fundjavat p\u00ebr t'u \u00e7lodhur dhe p\u00ebr t\u00eb festuar.&nbsp;<\/p>\n\n\n\n<p>N\u00ebse korrieri q\u00eb kryen d\u00ebrges\u00ebn nuk arrin t'ju gjej\u00eb n\u00eb adres\u00ebn e dh\u00ebn\u00eb p\u00ebr t'jua dor\u00ebzuar d\u00ebrges\u00ebn, do t'ju jepet nj\u00eb njoftim me shkrim n\u00eb form\u00eb elektronike n\u00eb lidhje me p\u00ebrpjekjen e b\u00ebr\u00eb. Korrieri do t\u00eb b\u00ebj\u00eb nj\u00eb p\u00ebrpjekje t\u00eb dyt\u00eb p\u00ebr dor\u00ebzim n\u00eb t\u00eb nj\u00ebjt\u00ebn dit\u00eb dhe n\u00ebse nuk ju gjen p\u00ebrs\u00ebri n\u00eb adres\u00ebn e dh\u00ebn\u00eb, do t`ju kontaktojm\u00eb n\u00eb numrin e telefonit q\u00eb e keni l\u00ebn\u00eb p\u00ebr kontakt. P\u00ebr k\u00ebt\u00eb arsye, \u00ebsht\u00eb shum\u00eb e r\u00ebnd\u00ebsishme q\u00eb t\u00eb jepni informacion t\u00eb sakt\u00eb dhe nj\u00eb num\u00ebr telefoni t\u00eb sakt\u00eb kur porosisni. K\u00ebto p\u00ebrdoren vet\u00ebm p\u00ebr d\u00ebrges\u00eb.&nbsp;<\/p>\n\n\n\n<h4 class=\"wp-block-heading\">7.     ANKESAT DHE POLITIKA E RIMBURSIMIT P\u00cbR TRANSAKSIONET<\/h4>\n\n\n\n<p>Q\u00ebllimi yn\u00eb \u00ebsht\u00eb q\u00eb ju t\u00eb jeni plot\u00ebsisht t\u00eb k\u00ebnaqur me produktet q\u00eb blini nga ne dhe ne b\u00ebjm\u00eb \u00e7mos p\u00ebr t\u00eb p\u00ebrmbushur \u00e7do k\u00ebrkes\u00eb. N\u00ebse produkti nuk \u00ebsht\u00eb n\u00eb gjendje t\u00eb mir\u00eb ose \u00ebsht\u00eb i d\u00ebmtuar, ne nuk e d\u00ebrgojm\u00eb ose shesim fare. Cil\u00ebsia \u00ebsht\u00eb nj\u00eb nga vlerat tona kryesore dhe ne q\u00ebndrojm\u00eb me krenari pas saj.<\/p>\n\n\n\n<p>N\u00ebse p\u00ebr ndonj\u00eb arsye nuk jeni t\u00eb k\u00ebnaqur me produktin e d\u00ebrguar, ju lutemi na kontaktoni n\u00eb numrin 076\/563-651.<\/p>\n\n\n\n<p>Pasi ta shqyrtojm\u00eb ankes\u00ebn tuaj, n\u00ebse ajo miratohet, do t'ju rimbursojm\u00eb fondet tuaja ose do t'ju d\u00ebrgojm\u00eb nj\u00eb produkt t\u00eb ri.<\/p>\n\n\n\n<p>Ne do ta rimbursojm\u00eb shum\u00ebn e paguar direkt n\u00eb kart\u00ebn e pages\u00ebs, d.m.th. n\u00eb llogarin\u00eb e transaksionit nga e cila \u00ebsht\u00eb b\u00ebr\u00eb porosia fillestare, brenda 14 dit\u00ebve ose m\u00eb shpejt.<br>&nbsp;<\/p>\n\n\n\n<h4 class=\"wp-block-heading\">8. \u00a0 \u00a0 ORARI I PUN\u00cbS<\/h4>\n\n\n\n<p>E h\u00ebn\u00eb - E premte: 09.00 - 17.00<\/p>\n\n\n\n<p>9. P\u00cbRGJEGJ\u00cbSIT\u00cb E Pet Expert SHPK NJP \/ pet-expert.mk<\/p>\n\n\n\n<ul class=\"wp-block-list\">\n<li>pet-expert.mk merr t\u00eb gjitha masat e mundshme p\u00ebr t\u00eb siguruar nivelin m\u00eb t\u00eb lart\u00eb t\u00eb siguris\u00eb dhe mbrojtjes n\u00eb faqen e internetit. Megjithat\u00eb, ne nuk mund t\u00eb garantojm\u00eb se qasja nga hakerat, viruset kompjuterike etj. \u00ebsht\u00eb e pamundur. \u00c7do p\u00ebrdorues pranon ta p\u00ebrdor\u00eb k\u00ebt\u00eb faqe interneti me rrezikun e vet.<\/li>\n\n\n\n<li>Q\u00ebllimi yn\u00eb \u00ebsht\u00eb q\u00eb pet-expert.mk t\u00eb jet\u00eb i disponuesh\u00ebm 100% t\u00eb koh\u00ebs, megjithat\u00eb, mund t\u00eb ndodh\u00eb q\u00eb faqja t\u00eb mos jet\u00eb e disponueshme n\u00eb koh\u00eb t\u00eb caktuara p\u00ebr ndonj\u00eb arsye jasht\u00eb kontrollit ton\u00eb. N\u00eb asnj\u00eb rast nuk do t\u00eb mbajm\u00eb p\u00ebrgjegj\u00ebsi  n\u00ebse p\u00ebrdorimi i dyqanit online nuk mund t\u00eb jet\u00eb i pand\u00ebrprer\u00eb ose plot\u00ebsisht pa gabime.<\/li>\n\n\n\n<li>N\u00ebse \u00ebsht\u00eb i pranish\u00ebm nj\u00eb lidhje q\u00eb do t'ju lidh\u00eb me faqe t\u00eb tjera interneti, ne nuk marrim asnj\u00eb p\u00ebrgjegj\u00ebsi n\u00eb lidhje me informacionin dhe mbrojtjen e t\u00eb dh\u00ebnave personale t\u00eb ofruara nga ato faqe interneti. Pet Expert nuk i shqyrton faqet e internetit q\u00eb lidhen me pet-expert.mk dhe nuk \u00ebsht\u00eb p\u00ebrgjegj\u00ebse p\u00ebr p\u00ebrmbajtjen e faqeve t\u00eb internetit q\u00eb i referohen faqes s\u00eb saj t\u00eb internetit.<\/li>\n\n\n\n<li>Pet Expert nuk merr p\u00ebrsip\u00ebr asnj\u00eb p\u00ebrgjegj\u00ebsi p\u00ebr gabime teknike t\u00eb paq\u00ebllimshme, p\u00ebrshkrime t\u00eb pasakta t\u00eb produkteve q\u00eb mund t\u00eb shfaqen n\u00eb faqen e internetit. N\u00ebse produkti i ofruar dhe i marr\u00eb nga pet-expert.mk nuk p\u00ebrputhet me p\u00ebrshkrimin, ju keni t\u00eb drejt\u00eb ta ktheni at\u00eb t\u00eb pad\u00ebmtuar dhe t\u00eb pap\u00ebrdorur (e p\u00ebrshkruar m\u00eb holl\u00ebsisht n\u00eb Politik\u00ebn e Kthimit).<\/li>\n\n\n\n<li>\u00c7do p\u00ebrdorues, pas regjistrimit dhe blerjes, deklaron se \u00ebsht\u00eb i njohur me Politik\u00ebn ton\u00eb t\u00eb Mbrojtjes s\u00eb t\u00eb Dh\u00ebnave Personale dhe pajtohet me t\u00eb.<\/li>\n\n\n\n<li>P\u00ebrdoruesit q\u00eb blejn\u00eb p\u00ebrmes pet-expert.mk kan\u00eb mund\u00ebsi q\u00eb t\u00eb postojn\u00eb p\u00ebrvoja, v\u00ebrejtje dhe l\u00ebvdata rreth produkteve ose t\u00eb postojn\u00eb komente, pyetje apo informacione t\u00eb tjera p\u00ebr sa koh\u00eb q\u00eb p\u00ebrmbajtja nuk \u00ebsht\u00eb e paligjshme, k\u00ebrc\u00ebnuese, ofenduese ose e kategorizuar si \"spam\". pet-expert.mk do t\u00eb heq\u00eb t\u00eb gjitha mesazhet q\u00eb bien n\u00eb kategorit\u00eb e m\u00ebsip\u00ebrme.&nbsp;<\/li>\n\n\n\n<li>Pet Expert mund t`i ndryshoj\u00eb k\u00ebto Kushte P\u00ebrdorimi, politikat dhe dispozitat e p\u00ebrgjithshme n\u00eb \u00e7do koh\u00eb. Pet Expert rezervon t\u00eb drejt\u00ebn p\u00ebr t\u00eb shtuar, ndryshuar, p\u00ebrmir\u00ebsuar, nd\u00ebrprer\u00eb, ndaluar sh\u00ebrbimet ose p\u00ebr t\u00eb futur kushte p\u00ebr sh\u00ebrbimet e pet-expert.mk pa njoftim paraprak.&nbsp;<\/li>\n<\/ul>\n\n\n\n<p>10. SI T\u00cb NA KONTAKTONI<\/p>\n\n\n\n<p>Pet Ekspert SHPK NJP<br>Vostani\u00e7ka 33, 1000 Shkup<br>Tel. 076\/563-651<br>E-mail: shop.petexpert@gmail.com<\/p>","protected":false},"excerpt":{"rendered":"<p>\u0423\u0441\u043b\u043e\u0432\u0438 \u043d\u0430 \u043a\u043e\u0440\u0438\u0441\u0442\u0435\u045a\u0435 \u0414\u043e\u0431\u0440\u0435\u0434\u043e\u0458\u0434\u043e\u0432\u0442\u0435 \u043d\u0430&nbsp;pet-expert.mk&nbsp;\u0412\u0435 \u043c\u043e\u043b\u0438\u043c\u0435&nbsp;\u0432\u043d\u0438\u043c\u0430\u0442\u0435\u043b\u043d\u043e \u043f\u0440\u043e\u0447\u0438\u0442\u0430\u0458\u0442\u0435 \u0433\u0438 \u041e\u043f\u0448\u0442\u0438\u0442\u0435 \u0443\u0441\u043b\u043e\u0432\u0438 \u0437\u0430 \u043a\u043e\u0440\u0438\u0441\u0442\u0435\u045a\u0435, \u041f\u043e\u043b\u0438\u0442\u0438\u043a\u0430\u0442\u0430&nbsp;\u0437\u0430 \u0437\u0430\u0448\u0442\u0438\u0442\u0430 \u043d\u0430 \u043b\u0438\u0447\u043d\u0438\u0442\u0435 \u043f\u043e\u0434\u0430\u0442\u043e\u0446\u0438 \u0438 \u041f\u043e\u043b\u0438\u0442\u0438\u043a\u0430\u0442\u0430 \u0437\u0430 \u0438\u0441\u043f\u043e\u0440\u0430\u043a\u0430 \u043f\u0440\u0435\u0434 \u0434\u0430 \u0437\u0430\u043f\u043e\u0447\u043d\u0435\u0442\u0435 \u0434\u0430 \u0458\u0430 \u043a\u043e\u0440\u0438\u0441\u0442\u0438\u0442\u0435 \u0438\u043d\u0442\u0435\u0440\u043d\u0435\u0442 \u043f\u0440\u043e\u0434\u0430\u0432\u043d\u0438\u0446\u0430\u0442\u0430. \u0421\u043e \u043a\u043e\u0440\u0438\u0441\u0442\u0435\u045a\u0435 \u043d\u0430 \u0438\u043d\u0442\u0435\u0440\u043d\u0435\u0442 \u043f\u0440\u043e\u0434\u0430\u0432\u043d\u0438\u0446\u0430\u0442\u0430&nbsp;pet-expert.mk&nbsp;\u0438 \u043a\u0443\u043f\u0443\u0432\u0430\u045a\u0435\u0442\u043e \u043d\u0430 \u043f\u0440\u043e\u0438\u0437\u0432\u043e\u0434\u0438&nbsp;\u0437\u043d\u0430\u0447\u0438 \u0434\u0435\u043a\u0430 \u0441\u0435 \u0441\u043e\u0433\u043b\u0430\u0441\u0443\u0432\u0430\u0442\u0435 \u0438 \u0441\u0435 \u043e\u0431\u0432\u0440\u0437\u0443\u0432\u0430\u0442\u0435 \u043a\u043e\u043d \u0438\u0441\u0442\u0438\u0442\u0435. \u0414\u043e\u043a\u043e\u043b\u043a\u0443 \u0438\u043c\u0430\u0442\u0435 \u043f\u0440\u0430\u0448\u0430\u045a\u0430 \u0441\u043b\u043e\u0431\u043e\u0434\u043d\u043e \u043a\u043e\u043d\u0442\u0430\u043a\u0442\u0438\u0440\u0430\u0458\u0442\u0435 \u043d\u0435.&nbsp; \u0410\u0432\u0442\u043e\u0440\u0441\u043a\u043e \u043f\u0440\u0430\u0432\u043e, \u0442\u0440\u0433\u043e\u0432\u0441\u043a\u0430 \u043c\u0430\u0440\u043a\u0430 [&hellip;]<\/p>\n","protected":false},"author":1,"featured_media":0,"parent":0,"menu_order":0,"comment_status":"closed","ping_status":"closed","template":"","meta":{"ocean_post_layout":"","ocean_both_sidebars_style":"","ocean_both_sidebars_content_width":0,"ocean_both_sidebars_sidebars_width":0,"ocean_sidebar":"","ocean_second_sidebar":"","ocean_disable_margins":"enable","ocean_add_body_class":"","ocean_shortcode_before_top_bar":"","ocean_shortcode_after_top_bar":"","ocean_shortcode_before_header":"","ocean_shortcode_after_header":"","ocean_has_shortcode":"","ocean_shortcode_after_title":"","ocean_shortcode_before_footer_widgets":"","ocean_shortcode_after_footer_widgets":"","ocean_shortcode_before_footer_bottom":"","ocean_shortcode_after_footer_bottom":"","ocean_display_top_bar":"default","ocean_display_header":"default","ocean_header_style":"","ocean_center_header_left_menu":"","ocean_custom_header_template":"","ocean_custom_logo":0,"ocean_custom_retina_logo":0,"ocean_custom_logo_max_width":0,"ocean_custom_logo_tablet_max_width":0,"ocean_custom_logo_mobile_max_width":0,"ocean_custom_logo_max_height":0,"ocean_custom_logo_tablet_max_height":0,"ocean_custom_logo_mobile_max_height":0,"ocean_header_custom_menu":"","ocean_menu_typo_font_family":"","ocean_menu_typo_font_subset":"","ocean_menu_typo_font_size":0,"ocean_menu_typo_font_size_tablet":0,"ocean_menu_typo_font_size_mobile":0,"ocean_menu_typo_font_size_unit":"px","ocean_menu_typo_font_weight":"","ocean_menu_typo_font_weight_tablet":"","ocean_menu_typo_font_weight_mobile":"","ocean_menu_typo_transform":"","ocean_menu_typo_transform_tablet":"","ocean_menu_typo_transform_mobile":"","ocean_menu_typo_line_height":0,"ocean_menu_typo_line_height_tablet":0,"ocean_menu_typo_line_height_mobile":0,"ocean_menu_typo_line_height_unit":"","ocean_menu_typo_spacing":0,"ocean_menu_typo_spacing_tablet":0,"ocean_menu_typo_spacing_mobile":0,"ocean_menu_typo_spacing_unit":"","ocean_menu_link_color":"","ocean_menu_link_color_hover":"","ocean_menu_link_color_active":"","ocean_menu_link_background":"","ocean_menu_link_hover_background":"","ocean_menu_link_active_background":"","ocean_menu_social_links_bg":"","ocean_menu_social_hover_links_bg":"","ocean_menu_social_links_color":"","ocean_menu_social_hover_links_color":"","ocean_disable_title":"default","ocean_disable_heading":"default","ocean_post_title":"","ocean_post_subheading":"","ocean_post_title_style":"","ocean_post_title_background_color":"","ocean_post_title_background":0,"ocean_post_title_bg_image_position":"","ocean_post_title_bg_image_attachment":"","ocean_post_title_bg_image_repeat":"","ocean_post_title_bg_image_size":"","ocean_post_title_height":0,"ocean_post_title_bg_overlay":0.5,"ocean_post_title_bg_overlay_color":"","ocean_disable_breadcrumbs":"default","ocean_breadcrumbs_color":"","ocean_breadcrumbs_separator_color":"","ocean_breadcrumbs_links_color":"","ocean_breadcrumbs_links_hover_color":"","ocean_display_footer_widgets":"default","ocean_display_footer_bottom":"default","ocean_custom_footer_template":"","footnotes":""},"class_list":["post-3","page","type-page","status-publish","hentry","entry","owp-thumbs-layout-horizontal","owp-btn-normal","owp-tabs-layout-vertical","has-no-thumbnails"],"jetpack_sharing_enabled":true,"_links":{"self":[{"href":"https:\/\/pet-expert.mk\/sq\/wp-json\/wp\/v2\/pages\/3","targetHints":{"allow":["GET"]}}],"collection":[{"href":"https:\/\/pet-expert.mk\/sq\/wp-json\/wp\/v2\/pages"}],"about":[{"href":"https:\/\/pet-expert.mk\/sq\/wp-json\/wp\/v2\/types\/page"}],"author":[{"embeddable":true,"href":"https:\/\/pet-expert.mk\/sq\/wp-json\/wp\/v2\/users\/1"}],"replies":[{"embeddable":true,"href":"https:\/\/pet-expert.mk\/sq\/wp-json\/wp\/v2\/comments?post=3"}],"version-history":[{"count":6,"href":"https:\/\/pet-expert.mk\/sq\/wp-json\/wp\/v2\/pages\/3\/revisions"}],"predecessor-version":[{"id":3089,"href":"https:\/\/pet-expert.mk\/sq\/wp-json\/wp\/v2\/pages\/3\/revisions\/3089"}],"wp:attachment":[{"href":"https:\/\/pet-expert.mk\/sq\/wp-json\/wp\/v2\/media?parent=3"}],"curies":[{"name":"wp","href":"https:\/\/api.w.org\/{rel}","templated":true}]}}