{"id":1224,"date":"2025-04-26T10:41:43","date_gmt":"2025-04-26T10:41:43","guid":{"rendered":"https:\/\/pet-expert.mk\/?page_id=1224"},"modified":"2025-05-25T10:26:22","modified_gmt":"2025-05-25T10:26:22","slug":"%d0%b7%d0%b0-%d0%bd%d0%b0%d1%81","status":"publish","type":"page","link":"https:\/\/pet-expert.mk\/sq\/%d0%b7%d0%b0-%d0%bd%d0%b0%d1%81\/","title":{"rendered":"Rreth nesh"},"content":{"rendered":"<h3 class=\"wp-block-heading\">Historia jon\u00eb<\/h3>\n\n\n\n<h4 class=\"wp-block-heading\"><strong>Mir\u00eb se vini n\u00eb pet-expert.mk\u00a0<\/strong><\/h4>\n\n\n\n<p>pet-expert.mk \u00ebsht\u00eb nj\u00eb dyqan elektronik maqedonas p\u00ebr ushqim dhe aksesor\u00eb p\u00ebr kafsh\u00eb sht\u00ebpiake, q\u00eb ofron m\u00eb t\u00eb mir\u00ebn p\u00ebr ju dhe kafsh\u00ebn tuaj sht\u00ebpiake. Asortimani yn\u00eb t\u00eb produkteve \u00ebsht\u00eb p\u00ebrzgjedhur me kujdes dhe p\u00ebrmban gjith\u00e7ka q\u00eb ju nevojitet p\u00ebr kafsh\u00ebn tuaj sht\u00ebpiake. Tek ne do t\u00eb gjeni marka t\u00eb njohura me cil\u00ebsin\u00eb m\u00eb t\u00eb lart\u00eb. Nj\u00eb vizit\u00eb n\u00eb dyqanin ton\u00eb elektronik do t'ju jap\u00eb nj\u00eb p\u00ebrvoj\u00eb t\u00eb mrekullueshme t\u00eb mbushur me g\u00ebzim dhe frym\u00ebzim.<br>&nbsp;<\/p>\n\n\n\n<h4 class=\"wp-block-heading\">Asortiman<\/h4>\n\n\n\n<p>Mund t\u00eb keni besim se produktet q\u00eb blini nga ne jan\u00eb t\u00eb p\u00ebrshtatura sipas nevojave tuaja dhe k\u00ebrkesave t\u00eb kafsh\u00ebs suaj sht\u00ebpiake. Ne kemi produkte p\u00ebr qen dhe mace.<\/p>\n\n\n\n<p>pet-expert.mk \u00ebsht\u00eb n\u00eb pron\u00ebsi t\u00eb Pet Expert LLC Skopje (Pet Expert), e cila u themelua n\u00eb vitin 2013, dhe punonj\u00ebsit kan\u00eb shum\u00eb vite p\u00ebrvoj\u00eb n\u00eb industri, duke ndjekur leksione ushqimore dhe duke rritur kafsh\u00eb sht\u00ebpiake. Prandaj, gjithmon\u00eb mund t\u00eb jeni t\u00eb sigurt se ne ofrojm\u00eb produktet m\u00eb t\u00eb mira p\u00ebr ju dhe kafsh\u00ebn tuaj sht\u00ebpiake.<\/p>\n\n\n\n<p>\u00cbsht\u00eb e r\u00ebnd\u00ebsishme q\u00eb si klient t\u00eb ndiheni t\u00eb sigurt kur blini tek ne. N\u00ebp\u00ebrmjet njohurive t\u00eb v\u00ebrteta dhe sh\u00ebrbimit t\u00eb mir\u00eb, mund t\u00eb keni besim se do t\u00eb merrni at\u00eb q\u00eb prisni nga ne. Jeni gjithmon\u00eb t\u00eb mir\u00ebpritur t\u00eb na kontaktoni p\u00ebr \u00e7do pyetje, dhe n\u00ebse nuk kemi nj\u00eb p\u00ebrgjigje profesionale, do t'ju k\u00ebshillojm\u00eb t\u00eb kontaktoni bashk\u00ebpun\u00ebtor\u00ebt tan\u00eb.&nbsp;<\/p>","protected":false},"excerpt":{"rendered":"<p>\u041d\u0430\u0448\u0430\u0442\u0430 \u043f\u0440\u0438\u043a\u0430\u0437\u043d\u0430 \u0414\u043e\u0431\u0440\u0435\u0434\u043e\u0458\u0434\u043e\u0432\u0442\u0435 \u0432\u043e pet-expert.mk\u00a0 pet-expert.mk \u0435 \u043c\u0430\u043a\u0435\u0434\u043e\u043d\u0441\u043a\u0430 \u0435-\u043f\u0440\u043e\u0434\u0430\u0432\u043d\u0438\u0446\u0430 \u0437\u0430 \u0445\u0440\u0430\u043d\u0430 \u0438 \u0434\u043e\u0434\u0430\u0442\u043e\u0446\u0438 \u0437\u0430 \u0434\u043e\u043c\u0430\u0448\u043d\u0438 \u043c\u0438\u043b\u0435\u043d\u0438\u0447\u0438\u045a\u0430, \u043a\u043e\u0458\u0430 \u0433\u043e \u043d\u0443\u0434\u0438 \u043d\u0430\u0458\u0434\u043e\u0431\u0440\u043e\u0442\u043e \u0437\u0430 \u0412\u0430\u0441 \u0438 \u0412\u0430\u0448\u0435\u0442\u043e \u043c\u0438\u043b\u0435\u043d\u0438\u0447\u0435. \u041d\u0430\u0448\u0430\u0442\u0430 \u043f\u0430\u043b\u0435\u0442\u0430 \u043d\u0430 \u043f\u0440\u043e\u0438\u0437\u0432\u043e\u0434\u0438&nbsp; \u0435 \u0432\u043d\u0438\u043c\u0430\u0442\u0435\u043b\u043d\u043e \u043e\u0434\u0431\u0440\u0430\u043d\u0430 \u0438 \u0441\u043e\u0434\u0440\u0436\u0438 \u0441\u0435 \u0448\u0442\u043e \u043c\u043e\u0436\u0435 \u0434\u0430 \u0412\u0438 \u0442\u0440\u0435\u0431\u0430 \u0437\u0430 \u0432\u0430\u0448\u0435\u0442\u043e \u0434\u043e\u043c\u0430\u0448\u043d\u043e \u043c\u0438\u043b\u0435\u043d\u0438\u0447\u0435. \u041a\u0430\u0458 \u043d\u0430\u0441 \u045c\u0435 \u043d\u0430\u0458\u0434\u0435\u0442\u0435 \u0434\u043e\u0431\u0440\u043e \u043f\u043e\u0437\u043d\u0430\u0442\u0438 \u0431\u0440\u0435\u043d\u0434\u043e\u0432\u0438 \u0441\u043e \u043d\u0430\u0458\u0432\u0438\u0441\u043e\u043a \u043a\u0432\u0430\u043b\u0438\u0442\u0435\u0442. &nbsp;\u041f\u043e\u0441\u0435\u0442\u0430 [&hellip;]<\/p>\n","protected":false},"author":3,"featured_media":0,"parent":0,"menu_order":0,"comment_status":"closed","ping_status":"closed","template":"","meta":{"ocean_post_layout":"","ocean_both_sidebars_style":"","ocean_both_sidebars_content_width":0,"ocean_both_sidebars_sidebars_width":0,"ocean_sidebar":"","ocean_second_sidebar":"","ocean_disable_margins":"enable","ocean_add_body_class":"","ocean_shortcode_before_top_bar":"","ocean_shortcode_after_top_bar":"","ocean_shortcode_before_header":"","ocean_shortcode_after_header":"","ocean_has_shortcode":"","ocean_shortcode_after_title":"","ocean_shortcode_before_footer_widgets":"","ocean_shortcode_after_footer_widgets":"","ocean_shortcode_before_footer_bottom":"","ocean_shortcode_after_footer_bottom":"","ocean_display_top_bar":"default","ocean_display_header":"default","ocean_header_style":"","ocean_center_header_left_menu":"","ocean_custom_header_template":"","ocean_custom_logo":0,"ocean_custom_retina_logo":0,"ocean_custom_logo_max_width":0,"ocean_custom_logo_tablet_max_width":0,"ocean_custom_logo_mobile_max_width":0,"ocean_custom_logo_max_height":0,"ocean_custom_logo_tablet_max_height":0,"ocean_custom_logo_mobile_max_height":0,"ocean_header_custom_menu":"","ocean_menu_typo_font_family":"","ocean_menu_typo_font_subset":"","ocean_menu_typo_font_size":0,"ocean_menu_typo_font_size_tablet":0,"ocean_menu_typo_font_size_mobile":0,"ocean_menu_typo_font_size_unit":"px","ocean_menu_typo_font_weight":"","ocean_menu_typo_font_weight_tablet":"","ocean_menu_typo_font_weight_mobile":"","ocean_menu_typo_transform":"","ocean_menu_typo_transform_tablet":"","ocean_menu_typo_transform_mobile":"","ocean_menu_typo_line_height":0,"ocean_menu_typo_line_height_tablet":0,"ocean_menu_typo_line_height_mobile":0,"ocean_menu_typo_line_height_unit":"","ocean_menu_typo_spacing":0,"ocean_menu_typo_spacing_tablet":0,"ocean_menu_typo_spacing_mobile":0,"ocean_menu_typo_spacing_unit":"","ocean_menu_link_color":"","ocean_menu_link_color_hover":"","ocean_menu_link_color_active":"","ocean_menu_link_background":"","ocean_menu_link_hover_background":"","ocean_menu_link_active_background":"","ocean_menu_social_links_bg":"","ocean_menu_social_hover_links_bg":"","ocean_menu_social_links_color":"","ocean_menu_social_hover_links_color":"","ocean_disable_title":"default","ocean_disable_heading":"default","ocean_post_title":"","ocean_post_subheading":"","ocean_post_title_style":"","ocean_post_title_background_color":"","ocean_post_title_background":0,"ocean_post_title_bg_image_position":"","ocean_post_title_bg_image_attachment":"","ocean_post_title_bg_image_repeat":"","ocean_post_title_bg_image_size":"","ocean_post_title_height":0,"ocean_post_title_bg_overlay":0.5,"ocean_post_title_bg_overlay_color":"","ocean_disable_breadcrumbs":"default","ocean_breadcrumbs_color":"","ocean_breadcrumbs_separator_color":"","ocean_breadcrumbs_links_color":"","ocean_breadcrumbs_links_hover_color":"","ocean_display_footer_widgets":"default","ocean_display_footer_bottom":"default","ocean_custom_footer_template":"","footnotes":""},"class_list":["post-1224","page","type-page","status-publish","hentry","entry","owp-thumbs-layout-horizontal","owp-btn-normal","owp-tabs-layout-vertical","has-no-thumbnails"],"jetpack_sharing_enabled":true,"_links":{"self":[{"href":"https:\/\/pet-expert.mk\/sq\/wp-json\/wp\/v2\/pages\/1224","targetHints":{"allow":["GET"]}}],"collection":[{"href":"https:\/\/pet-expert.mk\/sq\/wp-json\/wp\/v2\/pages"}],"about":[{"href":"https:\/\/pet-expert.mk\/sq\/wp-json\/wp\/v2\/types\/page"}],"author":[{"embeddable":true,"href":"https:\/\/pet-expert.mk\/sq\/wp-json\/wp\/v2\/users\/3"}],"replies":[{"embeddable":true,"href":"https:\/\/pet-expert.mk\/sq\/wp-json\/wp\/v2\/comments?post=1224"}],"version-history":[{"count":3,"href":"https:\/\/pet-expert.mk\/sq\/wp-json\/wp\/v2\/pages\/1224\/revisions"}],"predecessor-version":[{"id":1824,"href":"https:\/\/pet-expert.mk\/sq\/wp-json\/wp\/v2\/pages\/1224\/revisions\/1824"}],"wp:attachment":[{"href":"https:\/\/pet-expert.mk\/sq\/wp-json\/wp\/v2\/media?parent=1224"}],"curies":[{"name":"wp","href":"https:\/\/api.w.org\/{rel}","templated":true}]}}