{"id":1212,"date":"2025-04-26T10:39:24","date_gmt":"2025-04-26T10:39:24","guid":{"rendered":"https:\/\/pet-expert.mk\/?page_id=1212"},"modified":"2025-06-03T09:37:39","modified_gmt":"2025-06-03T07:37:39","slug":"%d0%bf%d0%be%d0%bb%d0%b8%d1%82%d0%b8%d0%ba%d0%b0-%d0%bd%d0%b0-%d0%b8%d1%81%d0%bf%d0%be%d1%80%d0%b0%d0%ba%d0%b0","status":"publish","type":"page","link":"https:\/\/pet-expert.mk\/sq\/%d0%bf%d0%be%d0%bb%d0%b8%d1%82%d0%b8%d0%ba%d0%b0-%d0%bd%d0%b0-%d0%b8%d1%81%d0%bf%d0%be%d1%80%d0%b0%d0%ba%d0%b0\/","title":{"rendered":"Politika e dor\u00ebzimit"},"content":{"rendered":"<h3 class=\"wp-block-heading\">Politika e dor\u00ebzimit<\/h3>\n\n\n\n<p><br>pet-expert.mk b\u00ebn d\u00ebrgesa n\u00eb t\u00eb gjith\u00eb territotin e vendit dhe ka n\u00ebnshkruar nj\u00eb marr\u00ebveshje bashk\u00ebpunimi me disa operator\u00eb p\u00ebr d\u00ebrgimin e pakove. Produktet e porositura do t\u00eb d\u00ebrgohen n\u00eb adres\u00ebn q\u00eb e keni specifikuar si adres\u00eb d\u00ebrgimi. Dor\u00ebzimi i porosis\u00eb suaj ka nj\u00eb \u00e7mim t\u00eb caktuar n\u00eb var\u00ebsi t\u00eb koh\u00ebs dhe vendit t\u00eb d\u00ebrgimit dhe ndonj\u00ebher\u00eb \u00ebsht\u00eb 0.00 den. ose falas, kur ka nj\u00eb promocion\/aksion p\u00ebr produkte t\u00eb caktuara.&nbsp;<br><br>\u00c7mimi aktual i transportit \u00ebsht\u00eb listuar n\u00eb m\u00ebnyr\u00eb transparente si nj\u00eb artikull i ve\u00e7ant\u00eb n\u00eb shum\u00ebn totale gjat\u00eb blerjes:<\/p>\n\n\n\n<ul class=\"wp-block-list\">\n<li>p\u00ebr t\u00eb gjitha porosit\u00eb n\u00eb shum\u00ebn totale\u00a0<strong>deri 1.850den<\/strong>. \u00e7mimi p\u00ebr d\u00ebrges\u00eb n\u00eb t\u00eb gjith\u00eb territorin e vendit \u00ebsht\u00eb\u00a0<strong>150 den<\/strong>.<\/li>\n\n\n\n<li>p\u00ebr t\u00eb gjitha porosit\u00eb n\u00eb shum\u00ebn totale\u00a0<strong>mbi 1.850den<\/strong>. \u00e7mimi p\u00ebr d\u00ebrges\u00eb n\u00eb t\u00eb gjith\u00eb territorin e vendit \u00ebsht\u00eb\u00a0<strong>0,00 den<\/strong>, dometh\u00ebn\u00eb\u00a0<strong>d\u00ebrgesa \u00ebsht\u00eb falas<\/strong>.\u00a0<\/li>\n<\/ul>\n\n\n\n<p><br>D\u00ebrgesat kryhen n\u00eb t\u00eb gjith\u00eb territorin e vendit nga e h\u00ebna n\u00eb t\u00eb premte, si m\u00eb posht\u00eb:<br><br>n\u00eb territotin&nbsp;<strong>e<\/strong>&nbsp;<strong>Shkupit dhe rethin\u00ebs<\/strong>:<\/p>\n\n\n\n<ul class=\"wp-block-list\">\n<li>Dita tjet\u00ebr e pun\u00ebs - p\u00ebr t\u00eb gjitha porosit\u00eb e b\u00ebra dit\u00ebn e m\u00ebparshme t\u00eb pun\u00ebs deri n\u00eb or\u00ebn 14:00<\/li>\n<\/ul>\n\n\n\n<p>N\u00eb territorin&nbsp;<strong>jasht\u00eb Shkupit<\/strong><\/p>\n\n\n\n<ul class=\"wp-block-list\">\n<li>sipas planit t\u00eb dor\u00ebzimit t\u00eb operatorit postar<\/li>\n<\/ul>\n\n\n\n<p>Keni parasysh se nuk b\u00ebjm\u00eb dor\u00ebzim t\u00eb shtunave, t\u00eb dielave dhe festave zyrtare sepse edhe furnizuesit tan\u00eb nuk punojn\u00eb, k\u00ebshtu q\u00eb i p\u00ebrdorim dhe fundjavat p\u00ebr t'u \u00e7lodhur dhe p\u00ebr t\u00eb festuar.&nbsp;<\/p>\n\n\n\n<p>N\u00ebse korrieri q\u00eb kryen d\u00ebrges\u00ebn nuk arrin t'ju gjej\u00eb n\u00eb adres\u00ebn e dh\u00ebn\u00eb p\u00ebr t'jua dor\u00ebzuar d\u00ebrges\u00ebn, do t'ju jepet nj\u00eb njoftim me shkrim n\u00eb form\u00eb elektronike n\u00eb lidhje me p\u00ebrpjekjen e b\u00ebr\u00eb. Korrieri do t\u00eb b\u00ebj\u00eb nj\u00eb p\u00ebrpjekje t\u00eb dyt\u00eb p\u00ebr dor\u00ebzim n\u00eb t\u00eb nj\u00ebjt\u00ebn dit\u00eb dhe n\u00ebse nuk ju gjen p\u00ebrs\u00ebri n\u00eb adres\u00ebn e dh\u00ebn\u00eb, do t`ju kontaktojm\u00eb n\u00eb numrin e telefonit q\u00eb e keni l\u00ebn\u00eb p\u00ebr kontakt. P\u00ebr k\u00ebt\u00eb arsye, \u00ebsht\u00eb shum\u00eb e r\u00ebnd\u00ebsishme q\u00eb t\u00eb jepni informacion t\u00eb sakt\u00eb dhe nj\u00eb num\u00ebr telefoni t\u00eb sakt\u00eb kur porosisni. K\u00ebto p\u00ebrdoren vet\u00ebm p\u00ebr d\u00ebrges\u00eb.&nbsp;<\/p>","protected":false},"excerpt":{"rendered":"<p>\u041f\u043e\u043b\u0438\u0442\u0438\u043a\u0430 \u043d\u0430 \u0438\u0441\u043f\u043e\u0440\u0430\u043a\u0430 pet-expert.mk&nbsp;\u0438\u0441\u043f\u043e\u0440\u0430\u0447\u0443\u0432\u0430 \u043d\u0430 \u0442\u0435\u0440\u0438\u0442\u043e\u0440\u0438\u0458\u0430 \u043d\u0430 \u0446\u0435\u043b\u0430\u0442\u0430 \u0434\u0440\u0436\u0430\u0432\u0430&nbsp;\u0438 \u0438\u043c\u0430 \u0441\u043a\u043b\u0443\u0447\u0435\u043d\u043e \u0434\u043e\u0433\u043e\u0432\u043e\u0440 \u0437\u0430 \u0441\u043e\u0440\u0430\u0431\u043e\u0442\u043a\u0430 \u0441\u043e \u043f\u043e\u0432\u0435\u045c\u0435 \u043e\u043f\u0435\u0440\u0430\u0442\u043e\u0440\u0438 \u0437\u0430 \u0438\u0441\u043f\u043e\u0440\u0430\u043a\u0430 \u043d\u0430 \u043f\u0440\u0430\u0442\u043a\u0438. \u041d\u0430\u0440\u0430\u0447\u0430\u043d\u0438\u0442\u0435 \u043f\u0440\u043e\u0438\u0437\u0432\u043e\u0434\u0438 \u045c\u0435 \u0412\u0438 \u0431\u0438\u0434\u0430\u0442 \u0438\u0441\u043f\u043e\u0440\u0430\u0447\u0430\u043d\u0438 \u0434\u043e \u0430\u0434\u0440\u0435\u0441\u0430\u0442\u0430 \u043a\u043e\u0458\u0430 \u0441\u0442\u0435 \u0458\u0430 \u043d\u0430\u0432\u0435\u043b\u0435 \u043a\u0430\u043a\u043e \u0430\u0434\u0440\u0435\u0441\u0430 \u0437\u0430 \u0438\u0441\u043f\u043e\u0440\u0430\u043a\u0430.&nbsp;\u0418\u0441\u043f\u043e\u0440\u0430\u043a\u0430\u0442\u0430 \u043d\u0430 \u0432\u0430\u0448\u0430\u0442\u0430 \u043d\u0430\u0440\u0430\u0447\u043a\u0430 \u0438\u043c\u0430 \u043e\u0434\u0440\u0435\u0434\u0435\u043d\u0430 \u0446\u0435\u043d\u0430 \u0432\u043e \u0437\u0430\u0432\u0438\u0441\u043d\u043e\u0441\u0442 \u043e\u0434 \u0432\u0440\u0435\u043c\u0435\u0442\u043e \u0438 \u043c\u0435\u0441\u0442\u043e\u0442\u043e \u043d\u0430 \u0438\u0441\u043f\u043e\u0440\u0430\u043a\u0430, \u0430 \u043d\u0435\u043a\u043e\u0433\u0430\u0448 \u0435 0,00 [&hellip;]<\/p>\n","protected":false},"author":3,"featured_media":0,"parent":0,"menu_order":0,"comment_status":"closed","ping_status":"closed","template":"","meta":{"ocean_post_layout":"","ocean_both_sidebars_style":"","ocean_both_sidebars_content_width":0,"ocean_both_sidebars_sidebars_width":0,"ocean_sidebar":"","ocean_second_sidebar":"","ocean_disable_margins":"enable","ocean_add_body_class":"","ocean_shortcode_before_top_bar":"","ocean_shortcode_after_top_bar":"","ocean_shortcode_before_header":"","ocean_shortcode_after_header":"","ocean_has_shortcode":"","ocean_shortcode_after_title":"","ocean_shortcode_before_footer_widgets":"","ocean_shortcode_after_footer_widgets":"","ocean_shortcode_before_footer_bottom":"","ocean_shortcode_after_footer_bottom":"","ocean_display_top_bar":"default","ocean_display_header":"default","ocean_header_style":"","ocean_center_header_left_menu":"","ocean_custom_header_template":"","ocean_custom_logo":0,"ocean_custom_retina_logo":0,"ocean_custom_logo_max_width":0,"ocean_custom_logo_tablet_max_width":0,"ocean_custom_logo_mobile_max_width":0,"ocean_custom_logo_max_height":0,"ocean_custom_logo_tablet_max_height":0,"ocean_custom_logo_mobile_max_height":0,"ocean_header_custom_menu":"","ocean_menu_typo_font_family":"","ocean_menu_typo_font_subset":"","ocean_menu_typo_font_size":0,"ocean_menu_typo_font_size_tablet":0,"ocean_menu_typo_font_size_mobile":0,"ocean_menu_typo_font_size_unit":"px","ocean_menu_typo_font_weight":"","ocean_menu_typo_font_weight_tablet":"","ocean_menu_typo_font_weight_mobile":"","ocean_menu_typo_transform":"","ocean_menu_typo_transform_tablet":"","ocean_menu_typo_transform_mobile":"","ocean_menu_typo_line_height":0,"ocean_menu_typo_line_height_tablet":0,"ocean_menu_typo_line_height_mobile":0,"ocean_menu_typo_line_height_unit":"","ocean_menu_typo_spacing":0,"ocean_menu_typo_spacing_tablet":0,"ocean_menu_typo_spacing_mobile":0,"ocean_menu_typo_spacing_unit":"","ocean_menu_link_color":"","ocean_menu_link_color_hover":"","ocean_menu_link_color_active":"","ocean_menu_link_background":"","ocean_menu_link_hover_background":"","ocean_menu_link_active_background":"","ocean_menu_social_links_bg":"","ocean_menu_social_hover_links_bg":"","ocean_menu_social_links_color":"","ocean_menu_social_hover_links_color":"","ocean_disable_title":"default","ocean_disable_heading":"default","ocean_post_title":"","ocean_post_subheading":"","ocean_post_title_style":"","ocean_post_title_background_color":"","ocean_post_title_background":0,"ocean_post_title_bg_image_position":"","ocean_post_title_bg_image_attachment":"","ocean_post_title_bg_image_repeat":"","ocean_post_title_bg_image_size":"","ocean_post_title_height":0,"ocean_post_title_bg_overlay":0.5,"ocean_post_title_bg_overlay_color":"","ocean_disable_breadcrumbs":"default","ocean_breadcrumbs_color":"","ocean_breadcrumbs_separator_color":"","ocean_breadcrumbs_links_color":"","ocean_breadcrumbs_links_hover_color":"","ocean_display_footer_widgets":"default","ocean_display_footer_bottom":"default","ocean_custom_footer_template":"","footnotes":""},"class_list":["post-1212","page","type-page","status-publish","hentry","entry","owp-thumbs-layout-horizontal","owp-btn-normal","owp-tabs-layout-vertical","has-no-thumbnails"],"jetpack_sharing_enabled":true,"_links":{"self":[{"href":"https:\/\/pet-expert.mk\/sq\/wp-json\/wp\/v2\/pages\/1212","targetHints":{"allow":["GET"]}}],"collection":[{"href":"https:\/\/pet-expert.mk\/sq\/wp-json\/wp\/v2\/pages"}],"about":[{"href":"https:\/\/pet-expert.mk\/sq\/wp-json\/wp\/v2\/types\/page"}],"author":[{"embeddable":true,"href":"https:\/\/pet-expert.mk\/sq\/wp-json\/wp\/v2\/users\/3"}],"replies":[{"embeddable":true,"href":"https:\/\/pet-expert.mk\/sq\/wp-json\/wp\/v2\/comments?post=1212"}],"version-history":[{"count":4,"href":"https:\/\/pet-expert.mk\/sq\/wp-json\/wp\/v2\/pages\/1212\/revisions"}],"predecessor-version":[{"id":2733,"href":"https:\/\/pet-expert.mk\/sq\/wp-json\/wp\/v2\/pages\/1212\/revisions\/2733"}],"wp:attachment":[{"href":"https:\/\/pet-expert.mk\/sq\/wp-json\/wp\/v2\/media?parent=1212"}],"curies":[{"name":"wp","href":"https:\/\/api.w.org\/{rel}","templated":true}]}}