{"id":1207,"date":"2025-04-26T10:38:11","date_gmt":"2025-04-26T10:38:11","guid":{"rendered":"https:\/\/pet-expert.mk\/?page_id=1207"},"modified":"2025-05-25T10:35:08","modified_gmt":"2025-05-25T10:35:08","slug":"%d0%bf%d0%be%d0%bb%d0%b8%d1%82%d0%b8%d0%ba%d0%b0-%d0%bd%d0%b0-%d0%b7%d0%b0%d1%88%d1%82%d0%b8%d1%82%d0%b0-%d0%bd%d0%b0-%d0%bb%d0%b8%d1%87%d0%bd%d0%b8-%d0%bf%d0%be%d0%b4%d0%b0%d1%82%d0%be%d1%86%d0%b8","status":"publish","type":"page","link":"https:\/\/pet-expert.mk\/sq\/%d0%bf%d0%be%d0%bb%d0%b8%d1%82%d0%b8%d0%ba%d0%b0-%d0%bd%d0%b0-%d0%b7%d0%b0%d1%88%d1%82%d0%b8%d1%82%d0%b0-%d0%bd%d0%b0-%d0%bb%d0%b8%d1%87%d0%bd%d0%b8-%d0%bf%d0%be%d0%b4%d0%b0%d1%82%d0%be%d1%86%d0%b8\/","title":{"rendered":"Politika e Mbrojtjes s\u00eb t\u00eb Dh\u00ebnave Personale"},"content":{"rendered":"<h3 class=\"wp-block-heading\">Politika e mbrojtjes s\u00eb t\u00eb dh\u00ebnave personale<\/h3>\n\n\n\n<p>POLITIKA E MBROJTJES S\u00cb T\u00cb DH\u00cbNAVE PERSONALE<\/p>\n\n\n\n<p>Politika e mbrojtjes s\u00eb t\u00eb dh\u00ebnave personale p\u00ebrmban praktikat e privat\u00ebsis\u00eb s\u00eb faqes s\u00eb internetit t\u00eb Pet Ekspert dhe shpjegon se si Pet Ekspert ShPK NJP. (n\u00eb tekstin e m\u00ebtejm\u00eb \"ne\") i p\u00ebrdor t\u00eb dh\u00ebnat tuaja dhe zbatohet p\u00ebr faqen ton\u00eb t\u00eb internetit www.pet-expert.mk. Politika e Privat\u00ebsis\u00eb rregullon t\u00eb drejt\u00ebn e privat\u00ebsis\u00eb dhe sigurin\u00eb e t\u00eb dh\u00ebnave personale q\u00eb jan\u00eb objekt p\u00ebrpunimi.Ju lutemi lexoni Politik\u00ebn e Privat\u00ebsis\u00eb p\u00ebr t\u00eb kuptuar m\u00eb mir\u00eb se \u00e7far\u00eb informacioni mbledhim nga ju dhe si e p\u00ebrdorim at\u00eb informacion.Gjithashtu ju rekomandojm\u00eb q\u00eb ta kontrolloni periudhikisht at\u00eb p\u00ebr informacionin m\u00eb t\u00eb fundit mbi praktikat tona t\u00eb privat\u00ebsis\u00eb. \u00c7do ndryshim do t\u00eb regjistrohet.<\/p>\n\n\n\n<p>Duke hyr\u00eb ose duke p\u00ebrdorur faqen ton\u00eb t\u00eb internetit, ju pranoni t\u00eb gjitha kushtet e p\u00ebrcaktuara n\u00eb k\u00ebt\u00eb Politik\u00eb Privat\u00ebsie dhe Kushtet e P\u00ebrdorimit t\u00eb faqes son\u00eb t\u00eb internetit.&nbsp;<\/p>\n\n\n\n<p>MBLEDHJA DHE P\u00cbRPUNIMI I INFORMACIONIT<\/p>\n\n\n\n<p>T\u00eb dh\u00ebnat personale p\u00ebrfaq\u00ebsojn\u00eb t\u00eb dh\u00ebnat me t\u00eb cilat v\u00ebrtetohet identitetin e konsumatorit, si\u00e7 jan\u00eb: emri, mbiemri, adresa postare, numri i telefonit dhe adresa e email-it dhe dor\u00ebzohen vullnetarisht nga p\u00ebrdoruesit e www.pet-expert.mk. Pet Expert nuk mbledh t\u00eb dh\u00ebna personale rreth p\u00ebrdoruesve, p\u00ebrve\u00e7 n\u00ebse b\u00ebhet p\u00ebr nj\u00eb q\u00ebllim specifik, si\u00e7 \u00ebsht\u00eb vendosja e nj\u00eb porosie ose regjistrimi n\u00eb list\u00ebn ton\u00eb t\u00eb postimeve.<\/p>\n\n\n\n<p>P\u00cbRDORIMI DHE RUAJTJA E T\u00cb DH\u00cbNAVE PERSONALE<\/p>\n\n\n\n<p>Pet Expert nuk do t\u00eb keqp\u00ebrdor\u00eb, ofroj\u00eb ose zbuloj\u00eb t\u00eb dh\u00ebnat personale t\u00eb p\u00ebrdoruesve, p\u00ebrve\u00e7 rasteve kur kjo \u00ebsht\u00eb e p\u00ebrcaktuar me ligj. P\u00ebrdorimi i t\u00eb dh\u00ebnave personale do t\u00eb jet\u00eb ekskluzivisht p\u00ebr nevojat teknike t\u00eb faqes s\u00eb internetit, p\u00ebr t\u00eb siguruar akses n\u00eb informacione specifike ose p\u00ebr komunikim t\u00eb p\u00ebrgjithsh\u00ebm me p\u00ebrdoruesit. T\u00eb gjitha t\u00eb dh\u00ebnat e p\u00ebrdoruesve mbahen rrept\u00ebsisht konfidenciale dhe jan\u00eb n\u00eb dispozicion vet\u00ebm p\u00ebr punonj\u00ebsit e kompanis\u00eb son\u00eb, t\u00eb cil\u00ebt jan\u00eb t\u00eb detyruar t\u00eb respektojn\u00eb konfidencialitetin e t\u00eb dh\u00ebnave tuaja.<\/p>\n\n\n\n<p>LIRIA E ZGJEDHJES<\/p>\n\n\n\n<p>\u00c7do p\u00ebrdorues i jep vullnetarisht t\u00eb dh\u00ebnat e tij personale t\u00eb Pet Expert-it dhe kontrollon informacionin q\u00eb ofron. N\u00ebse p\u00ebrdoruesi vendos q\u00eb t\u00eb mos ia jap\u00eb informacionin e tij Pet Expert-it, duhet t\u00eb ket\u00eb parasysh se disa pjes\u00eb t\u00eb faqes s\u00eb internetit mund t\u00eb mos jen\u00eb t\u00eb disponueshme p\u00ebr t\u00eb. P\u00ebrdoruesit q\u00eb do t\u00eb vendosin t\u00eb \u00e7regjistrohen nga lista jon\u00eb e email-eve mund ta b\u00ebjn\u00eb k\u00ebt\u00eb duke d\u00ebrguar nj\u00eb mesazh n\u00eb shop.petexpert@gmail.com.<\/p>\n\n\n\n<p>MBROJTJA E LLOGARIS\u00cb SUAJ<\/p>\n\n\n\n<p>Fjal\u00ebkalimi juaj \u00ebsht\u00eb \u00e7el\u00ebsi i llogaris\u00eb suaj. Emri i p\u00ebrdoruesit dhe fjal\u00ebkalimi juaj duhet t\u00eb jen\u00eb t\u00eb ndrysh\u00ebm dhe t\u00eb njohur vet\u00ebm nga ju.Ne ju rekomandojm\u00eb t\u00eb p\u00ebrdorni numra, shkronja dhe karaktere speciale kur krijoni fjal\u00ebkalimin tuaj. N\u00ebse humbni kontrollin e fjal\u00ebkalimit tuaj, humbni kontrollin e informacionit tuaj personal dhe mund t\u00eb b\u00ebheni subjekt i veprimeve ligjore t\u00eb nd\u00ebrmarra n\u00eb emrin tuaj. N\u00ebse fjal\u00ebkalimi juaj kompromentohet p\u00ebr ndonj\u00eb arsye, ju lutemi na njoftoni menj\u00ebher\u00eb dhe ndryshoni fjal\u00ebkalimin tuaj.<\/p>\n\n\n\n<p>COOKIES\/TEKNOLOGJIA E GJURMIMIT<\/p>\n\n\n\n<p>Kjo faqe interneti mund t\u00eb p\u00ebrdor\u00eb cookie-t dhe teknologji gjurmimi q\u00eb jan\u00eb t\u00eb dobishme p\u00ebr mbledhjen e informacionit (t\u00eb dh\u00ebna jo-personale) si\u00e7 jan\u00eb lloji i shfletuesit dhe sistemi operativ, gjurmimi i numrit t\u00eb p\u00ebrdoruesve n\u00eb faqen e internetit dhe koha mesatare q\u00eb p\u00ebrdoruesit kalojn\u00eb n\u00eb faqen e internetit. Ky informacion regjistrohet automatikisht dhe p\u00ebrdoret p\u00ebr t\u00eb p\u00ebrmir\u00ebsuar p\u00ebrmbajtjen dhe funksionalitetin e faqes s\u00eb internetit n\u00eb m\u00ebnyr\u00eb q\u00eb t\u00eb p\u00ebrshtatet me nevojat e p\u00ebrdoruesve. Ky informacion nuk p\u00ebrcillet ose transferohet te pal\u00ebt e treta.<\/p>\n\n\n\n<p>PERSONA T\u00cb MITUR<\/p>\n\n\n\n<p>Pet Ekspert rekomandon q\u00eb t\u00eb gjith\u00eb prind\u00ebrit dhe kujdestar\u00ebt t'u m\u00ebsojn\u00eb f\u00ebmij\u00ebve t\u00eb tyre se si t\u00eb trajtojn\u00eb informacionin personal n\u00eb m\u00ebnyr\u00eb t\u00eb sigurt dhe t\u00eb p\u00ebrgjegjshme n\u00eb internet. T\u00eb miturit nuk duhet t\u00eb japin informacion personal pa lejen e prind\u00ebrve ose kujdestar\u00ebve t\u00eb tyre. Pet Expert nuk do t\u00eb mbledh\u00eb kurr\u00eb me vet\u00ebdije informacion personal nga t\u00eb miturit, nuk do ta p\u00ebrdor\u00eb at\u00eb n\u00eb asnj\u00eb m\u00ebnyr\u00eb ose nuk do t'ia p\u00ebrcjell\u00eb at\u00eb nj\u00eb pale t\u00eb tret\u00eb pa leje.<\/p>\n\n\n\n<p>LIDHJE ME WEB-FAQE T\u00cb TJERA<\/p>\n\n\n\n<p>Zbulimet n\u00eb k\u00ebt\u00eb Politik\u00eb Privat\u00ebsie vlejn\u00eb vet\u00ebm p\u00ebr k\u00ebt\u00eb faqe interneti. Kur t\u00eb largoheni nga faqja e internetit www.pet-expert.mk, ju lutemi t\u00eb jeni t\u00eb vet\u00ebdijsh\u00ebm dhe t\u00eb lexoni politikat e privat\u00ebsis\u00eb t\u00eb secil\u00ebs faqe interneti.<\/p>\n\n\n\n<p>INFORMACION RRETH POLITIK\u00cbS S\u00cb MBROJTJES S\u00cb T\u00cb DH\u00cbNAVE PERSONALE<\/p>\n\n\n\n<p>N\u00ebse keni ndonj\u00eb pyetje n\u00eb lidhje me mbrojtjen e t\u00eb dh\u00ebnave personale dhe m\u00ebnyr\u00ebn se si i trajtojm\u00eb ato, ju lutemi kontaktoni p\u00ebrfaq\u00ebsuesin ton\u00eb.<\/p>\n\n\n\n<p>Pet Ekspert, Vostani\u00e7ka 33, 1000 Shkup, Tel. 076\/563-651<\/p>\n\n\n\n<p>NJOFTIM I NDRYSHYMEVE<\/p>\n\n\n\n<p>N\u00eb rast se ka ndryshime n\u00eb politik\u00ebn ton\u00eb t\u00eb privat\u00ebsis\u00eb, ato do t\u00eb postohen n\u00eb k\u00ebt\u00eb deklarat\u00eb privat\u00ebsie, n\u00eb faqen kryesore dhe n\u00eb vende t\u00eb tjera q\u00eb ne i konsiderojm\u00eb t\u00eb p\u00ebrshtatshme.<\/p>\n\n\n\n<p>Ndryshimi i fundit: Maj 2025<\/p>","protected":false},"excerpt":{"rendered":"<p>\u041f\u043e\u043b\u0438\u0442\u0438\u043a\u0430 \u0437\u0430 \u0437\u0430\u0448\u0442\u0438\u0442\u0430 \u043d\u0430 \u043b\u0438\u0447\u043d\u0438 \u043f\u043e\u0434\u0430\u0442\u043e\u0446\u0438 \u041f\u041e\u041b\u0418\u0422\u0418\u041a\u0410 \u0417\u0410 \u0417\u0410\u0428\u0422\u0418\u0422\u0410 \u041d\u0410 \u041b\u0418\u0427\u041d\u0418 \u041f\u041e\u0414\u0410\u0422\u041e\u0426\u0418 \u041f\u043e\u043b\u0438\u0442\u0438\u043a\u0430\u0442\u0430 \u0437\u0430 \u0437\u0430\u0448\u0442\u0438\u0442\u0430 \u043d\u0430 \u043b\u0438\u0447\u043d\u0438 \u043f\u043e\u0434\u0430\u0442\u043e\u0446\u0438 \u0433\u0438 \u0441\u043e\u0434\u0440\u0436\u0438 \u043f\u0440\u0430\u043a\u0442\u0438\u043a\u0438\u0442\u0435 \u0437\u0430 \u043f\u0440\u0438\u0432\u0430\u0442\u043d\u043e\u0441\u0442 \u043d\u0430 \u0432\u0435\u0431 \u0441\u0442\u0440\u0430\u043d\u0430\u0442\u0430 \u043da \u041f\u0435\u0442 \u0415\u043a\u0441\u043f\u0435\u0440\u0442, \u0438 \u043e\u0431\u0458\u0430\u0441\u043d\u0443\u0432\u0430 \u043a\u0430\u043a\u043e \u041f\u0435\u0442 \u0415\u0441\u043f\u0435\u0440\u0442 \u0414\u041e\u041e\u0415\u041b (\u0432\u043e \u043f\u043e\u043d\u0430\u0442\u0430\u043c\u043e\u0448\u043d\u0438\u043e\u0442 \u0442\u0435\u043a\u0441\u0442 &#8220;\u043d\u0438\u0435&#8221; ) \u0433\u0438 \u043a\u043e\u0440\u0438\u0441\u0442\u0438 \u0432\u0430\u0448\u0438\u0442\u0435 \u043f\u043e\u0434\u0430\u0442\u043e\u0446\u0438, \u0438 \u0441\u0435 \u043e\u0434\u043d\u0435\u0441\u0443\u0432\u0430 \u043d\u0430 \u043d\u0430\u0448\u0430\u0442\u0430 \u0432\u0435\u0431 \u0441\u0442\u0440\u0430\u043d\u0430\u00a0www.pet-expert.mk\u00a0\u0421\u043e \u041f\u043e\u043b\u0438\u0442\u0438\u043a\u0430\u0442\u0430 \u0437\u0430 \u0437\u0430\u0448\u0442\u0438\u0442\u0430 \u043d\u0430 [&hellip;]<\/p>\n","protected":false},"author":3,"featured_media":0,"parent":0,"menu_order":0,"comment_status":"closed","ping_status":"closed","template":"","meta":{"ocean_post_layout":"","ocean_both_sidebars_style":"","ocean_both_sidebars_content_width":0,"ocean_both_sidebars_sidebars_width":0,"ocean_sidebar":"","ocean_second_sidebar":"","ocean_disable_margins":"enable","ocean_add_body_class":"","ocean_shortcode_before_top_bar":"","ocean_shortcode_after_top_bar":"","ocean_shortcode_before_header":"","ocean_shortcode_after_header":"","ocean_has_shortcode":"","ocean_shortcode_after_title":"","ocean_shortcode_before_footer_widgets":"","ocean_shortcode_after_footer_widgets":"","ocean_shortcode_before_footer_bottom":"","ocean_shortcode_after_footer_bottom":"","ocean_display_top_bar":"default","ocean_display_header":"default","ocean_header_style":"","ocean_center_header_left_menu":"","ocean_custom_header_template":"","ocean_custom_logo":0,"ocean_custom_retina_logo":0,"ocean_custom_logo_max_width":0,"ocean_custom_logo_tablet_max_width":0,"ocean_custom_logo_mobile_max_width":0,"ocean_custom_logo_max_height":0,"ocean_custom_logo_tablet_max_height":0,"ocean_custom_logo_mobile_max_height":0,"ocean_header_custom_menu":"","ocean_menu_typo_font_family":"","ocean_menu_typo_font_subset":"","ocean_menu_typo_font_size":0,"ocean_menu_typo_font_size_tablet":0,"ocean_menu_typo_font_size_mobile":0,"ocean_menu_typo_font_size_unit":"px","ocean_menu_typo_font_weight":"","ocean_menu_typo_font_weight_tablet":"","ocean_menu_typo_font_weight_mobile":"","ocean_menu_typo_transform":"","ocean_menu_typo_transform_tablet":"","ocean_menu_typo_transform_mobile":"","ocean_menu_typo_line_height":0,"ocean_menu_typo_line_height_tablet":0,"ocean_menu_typo_line_height_mobile":0,"ocean_menu_typo_line_height_unit":"","ocean_menu_typo_spacing":0,"ocean_menu_typo_spacing_tablet":0,"ocean_menu_typo_spacing_mobile":0,"ocean_menu_typo_spacing_unit":"","ocean_menu_link_color":"","ocean_menu_link_color_hover":"","ocean_menu_link_color_active":"","ocean_menu_link_background":"","ocean_menu_link_hover_background":"","ocean_menu_link_active_background":"","ocean_menu_social_links_bg":"","ocean_menu_social_hover_links_bg":"","ocean_menu_social_links_color":"","ocean_menu_social_hover_links_color":"","ocean_disable_title":"default","ocean_disable_heading":"default","ocean_post_title":"","ocean_post_subheading":"","ocean_post_title_style":"","ocean_post_title_background_color":"","ocean_post_title_background":0,"ocean_post_title_bg_image_position":"","ocean_post_title_bg_image_attachment":"","ocean_post_title_bg_image_repeat":"","ocean_post_title_bg_image_size":"","ocean_post_title_height":0,"ocean_post_title_bg_overlay":0.5,"ocean_post_title_bg_overlay_color":"","ocean_disable_breadcrumbs":"default","ocean_breadcrumbs_color":"","ocean_breadcrumbs_separator_color":"","ocean_breadcrumbs_links_color":"","ocean_breadcrumbs_links_hover_color":"","ocean_display_footer_widgets":"default","ocean_display_footer_bottom":"default","ocean_custom_footer_template":"","footnotes":""},"class_list":["post-1207","page","type-page","status-publish","hentry","entry","owp-thumbs-layout-horizontal","owp-btn-normal","owp-tabs-layout-vertical","has-no-thumbnails"],"jetpack_sharing_enabled":true,"_links":{"self":[{"href":"https:\/\/pet-expert.mk\/sq\/wp-json\/wp\/v2\/pages\/1207","targetHints":{"allow":["GET"]}}],"collection":[{"href":"https:\/\/pet-expert.mk\/sq\/wp-json\/wp\/v2\/pages"}],"about":[{"href":"https:\/\/pet-expert.mk\/sq\/wp-json\/wp\/v2\/types\/page"}],"author":[{"embeddable":true,"href":"https:\/\/pet-expert.mk\/sq\/wp-json\/wp\/v2\/users\/3"}],"replies":[{"embeddable":true,"href":"https:\/\/pet-expert.mk\/sq\/wp-json\/wp\/v2\/comments?post=1207"}],"version-history":[{"count":3,"href":"https:\/\/pet-expert.mk\/sq\/wp-json\/wp\/v2\/pages\/1207\/revisions"}],"predecessor-version":[{"id":1827,"href":"https:\/\/pet-expert.mk\/sq\/wp-json\/wp\/v2\/pages\/1207\/revisions\/1827"}],"wp:attachment":[{"href":"https:\/\/pet-expert.mk\/sq\/wp-json\/wp\/v2\/media?parent=1207"}],"curies":[{"name":"wp","href":"https:\/\/api.w.org\/{rel}","templated":true}]}}