{"id":2181,"date":"2025-05-28T09:57:10","date_gmt":"2025-05-28T09:57:10","guid":{"rendered":"https:\/\/pet-expert.mk\/?post_type=product&#038;p=2181"},"modified":"2025-05-28T09:57:32","modified_gmt":"2025-05-28T09:57:32","slug":"tatrapet-%d0%bc%d0%b8%d0%ba%d1%81-%d0%bc%d0%b5%d1%81%d0%be-%d0%b7%d0%b0-%d0%bc%d0%b0%d1%87%d0%ba%d0%b8-60%d0%b3","status":"publish","type":"product","link":"http:\/\/pet-expert.mk\/sq\/product\/tatrapet-%d0%bc%d0%b8%d0%ba%d1%81-%d0%bc%d0%b5%d1%81%d0%be-%d0%b7%d0%b0-%d0%bc%d0%b0%d1%87%d0%ba%d0%b8-60%d0%b3\/","title":{"rendered":"Tatrapet Mish miks p\u00ebr mace 60g"},"content":{"rendered":"<p>Nj\u00eb ushqim plot\u00ebsues i shijsh\u00ebm me p\u00ebrmbajtje t\u00eb lart\u00eb proteinash p\u00ebr t\u00eb gjitha llojet e maceve, i cili pasuron diet\u00ebn e tyre t\u00eb p\u00ebrditshme. Duhet t\u00eb jepet individualisht sipas nevojave t\u00eb kafsh\u00ebs. Siguroni uj\u00eb t\u00eb fresk\u00ebt t\u00eb mjaftuesh\u00ebm. Ruajtje: n\u00eb nj\u00eb vend t\u00eb that\u00eb. Tatrapet Mish miks p\u00ebr mace 60g<\/p>","protected":false},"excerpt":{"rendered":"<p>Nj\u00eb ushqim plot\u00ebsues i shijsh\u00ebm me p\u00ebrmbajtje t\u00eb lart\u00eb proteinash p\u00ebr t\u00eb gjitha llojet e maceve, i cili pasuron diet\u00ebn e tyre t\u00eb p\u00ebrditshme. Duhet t\u00eb jepet individualisht sipas nevojave t\u00eb kafsh\u00ebs. Siguroni uj\u00eb t\u00eb fresk\u00ebt t\u00eb mjaftuesh\u00ebm. Ruajtje: n\u00eb nj\u00eb vend t\u00eb that\u00eb. Tatrapet Mish miks p\u00ebr mace 60g<\/p>","protected":false},"featured_media":2182,"template":"","meta":{"ocean_post_layout":"","ocean_both_sidebars_style":"","ocean_both_sidebars_content_width":0,"ocean_both_sidebars_sidebars_width":0,"ocean_sidebar":"0","ocean_second_sidebar":"0","ocean_disable_margins":"enable","ocean_add_body_class":"","ocean_shortcode_before_top_bar":"","ocean_shortcode_after_top_bar":"","ocean_shortcode_before_header":"","ocean_shortcode_after_header":"","ocean_has_shortcode":"","ocean_shortcode_after_title":"","ocean_shortcode_before_footer_widgets":"","ocean_shortcode_after_footer_widgets":"","ocean_shortcode_before_footer_bottom":"","ocean_shortcode_after_footer_bottom":"","ocean_display_top_bar":"default","ocean_display_header":"default","ocean_header_style":"","ocean_center_header_left_menu":"0","ocean_custom_header_template":"0","ocean_custom_logo":0,"ocean_custom_retina_logo":0,"ocean_custom_logo_max_width":0,"ocean_custom_logo_tablet_max_width":0,"ocean_custom_logo_mobile_max_width":0,"ocean_custom_logo_max_height":0,"ocean_custom_logo_tablet_max_height":0,"ocean_custom_logo_mobile_max_height":0,"ocean_header_custom_menu":"0","ocean_menu_typo_font_family":"0","ocean_menu_typo_font_subset":"","ocean_menu_typo_font_size":0,"ocean_menu_typo_font_size_tablet":0,"ocean_menu_typo_font_size_mobile":0,"ocean_menu_typo_font_size_unit":"px","ocean_menu_typo_font_weight":"","ocean_menu_typo_font_weight_tablet":"","ocean_menu_typo_font_weight_mobile":"","ocean_menu_typo_transform":"","ocean_menu_typo_transform_tablet":"","ocean_menu_typo_transform_mobile":"","ocean_menu_typo_line_height":0,"ocean_menu_typo_line_height_tablet":0,"ocean_menu_typo_line_height_mobile":0,"ocean_menu_typo_line_height_unit":"","ocean_menu_typo_spacing":0,"ocean_menu_typo_spacing_tablet":0,"ocean_menu_typo_spacing_mobile":0,"ocean_menu_typo_spacing_unit":"","ocean_menu_link_color":"","ocean_menu_link_color_hover":"","ocean_menu_link_color_active":"","ocean_menu_link_background":"","ocean_menu_link_hover_background":"","ocean_menu_link_active_background":"","ocean_menu_social_links_bg":"","ocean_menu_social_hover_links_bg":"","ocean_menu_social_links_color":"","ocean_menu_social_hover_links_color":"","ocean_disable_title":"default","ocean_disable_heading":"default","ocean_post_title":"","ocean_post_subheading":"","ocean_post_title_style":"","ocean_post_title_background_color":"","ocean_post_title_background":0,"ocean_post_title_bg_image_position":"","ocean_post_title_bg_image_attachment":"","ocean_post_title_bg_image_repeat":"","ocean_post_title_bg_image_size":"","ocean_post_title_height":0,"ocean_post_title_bg_overlay":0.5,"ocean_post_title_bg_overlay_color":"","ocean_disable_breadcrumbs":"default","ocean_breadcrumbs_color":"","ocean_breadcrumbs_separator_color":"","ocean_breadcrumbs_links_color":"","ocean_breadcrumbs_links_hover_color":"","ocean_display_footer_widgets":"default","ocean_display_footer_bottom":"default","ocean_custom_footer_template":"0"},"product_brand":[],"product_cat":[90,68],"product_tag":[],"class_list":{"0":"post-2181","1":"product","2":"type-product","3":"status-publish","4":"has-post-thumbnail","6":"product_cat-tatrapet","7":"product_cat-treats-for-cats","9":"entry","10":"has-media","12":"first","13":"instock","14":"taxable","15":"shipping-taxable","16":"purchasable","17":"product-type-simple","18":"col","19":"span_1_of_3","20":"owp-content-center","21":"owp-thumbs-layout-horizontal","22":"owp-btn-normal","23":"owp-tabs-layout-vertical","24":"has-no-thumbnails"},"jetpack_sharing_enabled":true,"_links":{"self":[{"href":"http:\/\/pet-expert.mk\/sq\/wp-json\/wp\/v2\/product\/2181","targetHints":{"allow":["GET"]}}],"collection":[{"href":"http:\/\/pet-expert.mk\/sq\/wp-json\/wp\/v2\/product"}],"about":[{"href":"http:\/\/pet-expert.mk\/sq\/wp-json\/wp\/v2\/types\/product"}],"version-history":[{"count":1,"href":"http:\/\/pet-expert.mk\/sq\/wp-json\/wp\/v2\/product\/2181\/revisions"}],"predecessor-version":[{"id":2183,"href":"http:\/\/pet-expert.mk\/sq\/wp-json\/wp\/v2\/product\/2181\/revisions\/2183"}],"wp:featuredmedia":[{"embeddable":true,"href":"http:\/\/pet-expert.mk\/sq\/wp-json\/wp\/v2\/media\/2182"}],"wp:attachment":[{"href":"http:\/\/pet-expert.mk\/sq\/wp-json\/wp\/v2\/media?parent=2181"}],"wp:term":[{"taxonomy":"product_brand","embeddable":true,"href":"http:\/\/pet-expert.mk\/sq\/wp-json\/wp\/v2\/product_brand?post=2181"},{"taxonomy":"product_cat","embeddable":true,"href":"http:\/\/pet-expert.mk\/sq\/wp-json\/wp\/v2\/product_cat?post=2181"},{"taxonomy":"product_tag","embeddable":true,"href":"http:\/\/pet-expert.mk\/sq\/wp-json\/wp\/v2\/product_tag?post=2181"}],"curies":[{"name":"wp","href":"https:\/\/api.w.org\/{rel}","templated":true}]}}